{"id":31771,"date":"2023-10-27T12:41:31","date_gmt":"2023-10-27T10:41:31","guid":{"rendered":"https:\/\/nestville.sk\/destylarnia\/produkty-a-sluzby\/"},"modified":"2025-06-19T17:15:42","modified_gmt":"2025-06-19T15:15:42","slug":"produkty-a-sluzby","status":"publish","type":"page","link":"https:\/\/nestville.sk\/pl\/o-wytworni-likierow\/produkty-a-sluzby\/","title":{"rendered":"Produkty i us\u0142ugi"},"content":{"rendered":"\t\t<div data-elementor-type=\"wp-page\" data-elementor-id=\"31771\" class=\"elementor elementor-31771 elementor-31334\" data-elementor-post-type=\"page\">\n\t\t\t\t<div class=\"elementor-element elementor-element-07e794f e-flex e-con-boxed e-con e-parent\" data-id=\"07e794f\" data-element_type=\"container\" data-e-type=\"container\">\n\t\t\t\t\t<div class=\"e-con-inner\">\n\t\t<div class=\"elementor-element elementor-element-d210710 e-con-full e-flex e-con e-child\" data-id=\"d210710\" data-element_type=\"container\" data-e-type=\"container\">\n\t\t\t\t<div class=\"elementor-element elementor-element-4731630 pp-divider-center elementor-widget elementor-widget-pp-divider\" data-id=\"4731630\" data-element_type=\"widget\" data-e-type=\"widget\" data-widget_type=\"pp-divider.default\">\n\t\t\t\t\t\t\t<div class=\"pp-divider-wrap\">\n\t\t\t\t\t\t\t<div class=\"divider-text-container\">\n\t\t\t\t\t<div class=\"divider-text-wrap\">\n\t\t\t\t\t\t<span class=\"pp-divider-border-wrap divider-border-left\">\n\t\t\t\t\t\t\t<span class=\"divider-border\"><\/span>\n\t\t\t\t\t\t<\/span>\n\t\t\t\t\t\t<span class=\"pp-divider-content\">\n\t\t\t\t\t\t\t\t\t\t\t\t\t\t\t<span class=\"pp-divider-text\">\n\t\t\t\t\t\t\t\t\tNestville Distillery\t\t\t\t\t\t\t\t<\/span>\n\t\t\t\t\t\t\t\t\t\t\t\t\t\t<\/span>\n\t\t\t\t\t\t<span class=\"pp-divider-border-wrap divider-border-right\">\n\t\t\t\t\t\t\t<span class=\"divider-border\"><\/span>\n\t\t\t\t\t\t<\/span>\n\t\t\t\t\t<\/div>\n\t\t\t\t<\/div>\n\t\t\t\t\t\t<\/div>    \n\t\t\t\t\t\t<\/div>\n\t\t\t\t<div class=\"elementor-element elementor-element-d55a83d elementor-widget elementor-widget-heading\" data-id=\"d55a83d\" data-element_type=\"widget\" data-e-type=\"widget\" data-widget_type=\"heading.default\">\n\t\t\t\t\t<h2 class=\"elementor-heading-title elementor-size-default\">Produkty i us\u0142ugi gorzelnicze<\/h2>\t\t\t\t<\/div>\n\t\t\t\t<\/div>\n\t\t\t\t\t<\/div>\n\t\t\t\t<\/div>\n\t\t<div class=\"elementor-element elementor-element-b294c99 e-flex e-con-boxed e-con e-parent\" data-id=\"b294c99\" data-element_type=\"container\" data-e-type=\"container\">\n\t\t\t\t\t<div class=\"e-con-inner\">\n\t\t<div class=\"elementor-element elementor-element-436e5d1 e-con-full e-flex e-con e-child\" data-id=\"436e5d1\" data-element_type=\"container\" data-e-type=\"container\" data-settings=\"{&quot;background_background&quot;:&quot;classic&quot;}\">\n\t\t\t\t<div class=\"elementor-element elementor-element-3ac8d29 elementor-widget elementor-widget-heading\" data-id=\"3ac8d29\" data-element_type=\"widget\" data-e-type=\"widget\" data-widget_type=\"heading.default\">\n\t\t\t\t\t<h3 class=\"elementor-heading-title elementor-size-default\">Rodzaje napoj\u00f3w spirytusowych i destylat\u00f3w<\/h3>\t\t\t\t<\/div>\n\t\t\t\t<div class=\"elementor-element elementor-element-b0f26b3 elementor-align-left elementor-widget elementor-widget-button\" data-id=\"b0f26b3\" data-element_type=\"widget\" data-e-type=\"widget\" data-widget_type=\"button.default\">\n\t\t\t\t\t\t\t\t\t\t<a class=\"elementor-button elementor-button-link elementor-size-sm\" href=\"https:\/\/nestville.sk\/liehovar\/produkty-a-sluzby\/druhy-liehu-a-destilatov\/\" id=\"destilaty\">\n\t\t\t\t\t\t<span class=\"elementor-button-content-wrapper\">\n\t\t\t\t\t\t\t\t\t<span class=\"elementor-button-text\">Poka\u017c wi\u0119cej<\/span>\n\t\t\t\t\t<\/span>\n\t\t\t\t\t<\/a>\n\t\t\t\t\t\t\t\t<\/div>\n\t\t\t\t<\/div>\n\t\t<div class=\"elementor-element elementor-element-485ab70 e-con-full e-flex e-con e-child\" data-id=\"485ab70\" data-element_type=\"container\" data-e-type=\"container\" data-settings=\"{&quot;background_background&quot;:&quot;classic&quot;}\">\n\t\t\t\t<div class=\"elementor-element elementor-element-5ced5b7 elementor-widget elementor-widget-heading\" data-id=\"5ced5b7\" data-element_type=\"widget\" data-e-type=\"widget\" data-widget_type=\"heading.default\">\n\t\t\t\t\t<h3 class=\"elementor-heading-title elementor-size-default\">\u015arodki dezynfekuj\u0105ce<\/h3>\t\t\t\t<\/div>\n\t\t\t\t<div class=\"elementor-element elementor-element-7860e09 elementor-align-left elementor-widget elementor-widget-button\" data-id=\"7860e09\" data-element_type=\"widget\" data-e-type=\"widget\" data-widget_type=\"button.default\">\n\t\t\t\t\t\t\t\t\t\t<a class=\"elementor-button elementor-button-link elementor-size-sm\" href=\"https:\/\/nestville.sk\/liehovar\/produkty-a-sluzby\/dezinfekce-prostriedky\/\" id=\"dezinfekcia\">\n\t\t\t\t\t\t<span class=\"elementor-button-content-wrapper\">\n\t\t\t\t\t\t\t\t\t<span class=\"elementor-button-text\">Poka\u017c wi\u0119cej<\/span>\n\t\t\t\t\t<\/span>\n\t\t\t\t\t<\/a>\n\t\t\t\t\t\t\t\t<\/div>\n\t\t\t\t<\/div>\n\t\t\t\t\t<\/div>\n\t\t\t\t<\/div>\n\t\t<div class=\"elementor-element elementor-element-f5ab874 e-flex e-con-boxed e-con e-parent\" data-id=\"f5ab874\" data-element_type=\"container\" data-e-type=\"container\">\n\t\t\t\t\t<div class=\"e-con-inner\">\n\t\t<div class=\"elementor-element elementor-element-0dc5e64 e-con-full e-flex e-con e-child\" data-id=\"0dc5e64\" data-element_type=\"container\" data-e-type=\"container\" data-settings=\"{&quot;background_background&quot;:&quot;classic&quot;}\">\n\t\t\t\t<div class=\"elementor-element elementor-element-fa62ebc elementor-widget elementor-widget-heading\" data-id=\"fa62ebc\" data-element_type=\"widget\" data-e-type=\"widget\" data-widget_type=\"heading.default\">\n\t\t\t\t\t<h3 class=\"elementor-heading-title elementor-size-default\">Produkty przeciw zamarzaniu i alkoholowe<\/h3>\t\t\t\t<\/div>\n\t\t\t\t<div class=\"elementor-element elementor-element-ce04b31 elementor-align-left elementor-widget elementor-widget-button\" data-id=\"ce04b31\" data-element_type=\"widget\" data-e-type=\"widget\" data-widget_type=\"button.default\">\n\t\t\t\t\t\t\t\t\t\t<a class=\"elementor-button elementor-button-link elementor-size-sm\" href=\"https:\/\/nestville.sk\/liehovar\/produkty-a-sluzby\/nemrznuce-zmesi-a-vyrobky-z-liehu\/\" id=\"nemrznucazmes\">\n\t\t\t\t\t\t<span class=\"elementor-button-content-wrapper\">\n\t\t\t\t\t\t\t\t\t<span class=\"elementor-button-text\">Poka\u017c wi\u0119cej<\/span>\n\t\t\t\t\t<\/span>\n\t\t\t\t\t<\/a>\n\t\t\t\t\t\t\t\t<\/div>\n\t\t\t\t<\/div>\n\t\t<div class=\"elementor-element elementor-element-5bfb3e8 e-con-full e-flex e-con e-child\" data-id=\"5bfb3e8\" data-element_type=\"container\" data-e-type=\"container\" data-settings=\"{&quot;background_background&quot;:&quot;classic&quot;}\">\n\t\t\t\t<div class=\"elementor-element elementor-element-48a1d8a elementor-widget elementor-widget-heading\" data-id=\"48a1d8a\" data-element_type=\"widget\" data-e-type=\"widget\" data-widget_type=\"heading.default\">\n\t\t\t\t\t<h3 class=\"elementor-heading-title elementor-size-default\">Pasze i nawozy<\/h3>\t\t\t\t<\/div>\n\t\t\t\t<div class=\"elementor-element elementor-element-037b3f8 elementor-align-left elementor-widget elementor-widget-button\" data-id=\"037b3f8\" data-element_type=\"widget\" data-e-type=\"widget\" data-widget_type=\"button.default\">\n\t\t\t\t\t\t\t\t\t\t<a class=\"elementor-button elementor-button-link elementor-size-sm\" href=\"https:\/\/nestville.sk\/liehovar\/produkty-a-sluzby\/krmiva-a-hnojiva\/\" id=\"hnojiva\">\n\t\t\t\t\t\t<span class=\"elementor-button-content-wrapper\">\n\t\t\t\t\t\t\t\t\t<span class=\"elementor-button-text\">Poka\u017c wi\u0119cej<\/span>\n\t\t\t\t\t<\/span>\n\t\t\t\t\t<\/a>\n\t\t\t\t\t\t\t\t<\/div>\n\t\t\t\t<\/div>\n\t\t<div class=\"elementor-element elementor-element-4a5c763 e-con-full e-flex e-con e-child\" data-id=\"4a5c763\" data-element_type=\"container\" data-e-type=\"container\" data-settings=\"{&quot;background_background&quot;:&quot;classic&quot;}\">\n\t\t\t\t<div class=\"elementor-element elementor-element-9994869 elementor-widget elementor-widget-heading\" data-id=\"9994869\" data-element_type=\"widget\" data-e-type=\"widget\" data-widget_type=\"heading.default\">\n\t\t\t\t\t<h3 class=\"elementor-heading-title elementor-size-default\">Us\u0142ugi<\/h3>\t\t\t\t<\/div>\n\t\t\t\t<div class=\"elementor-element elementor-element-6f94543 elementor-align-left elementor-widget elementor-widget-button\" data-id=\"6f94543\" data-element_type=\"widget\" data-e-type=\"widget\" data-widget_type=\"button.default\">\n\t\t\t\t\t\t\t\t\t\t<a class=\"elementor-button elementor-button-link elementor-size-sm\" href=\"https:\/\/nestville.sk\/liehovar\/produkty-a-sluzby\/sluzby\/\" id=\"liehovar-sluzby\">\n\t\t\t\t\t\t<span class=\"elementor-button-content-wrapper\">\n\t\t\t\t\t\t\t\t\t<span class=\"elementor-button-text\">Poka\u017c wi\u0119cej<\/span>\n\t\t\t\t\t<\/span>\n\t\t\t\t\t<\/a>\n\t\t\t\t\t\t\t\t<\/div>\n\t\t\t\t<\/div>\n\t\t\t\t\t<\/div>\n\t\t\t\t<\/div>\n\t\t\t\t<\/div>\n\t\t","protected":false},"excerpt":{"rendered":"<p>Nestville Distillery Produkty i us\u0142ugi gorzelnicze Rodzaje napoj\u00f3w spirytusowych i destylat\u00f3w Poka\u017c wi\u0119cej \u015arodki dezynfekuj\u0105ce Poka\u017c wi\u0119cej Produkty przeciw zamarzaniu i alkoholowe Poka\u017c wi\u0119cej Pasze i nawozy Poka\u017c wi\u0119cej Us\u0142ugi Poka\u017c wi\u0119cej<\/p>\n","protected":false},"author":1,"featured_media":0,"parent":31758,"menu_order":0,"comment_status":"closed","ping_status":"closed","template":"","meta":{"footnotes":""},"class_list":["post-31771","page","type-page","status-publish","hentry"],"yoast_head":"<!-- This site is optimized with the Yoast SEO plugin v27.5 - https:\/\/yoast.com\/product\/yoast-seo-wordpress\/ -->\n<title>Produkty i us\u0142ugi - Nestville Distillery<\/title>\n<meta name=\"robots\" content=\"index, follow, max-snippet:-1, max-image-preview:large, max-video-preview:-1\" \/>\n<link rel=\"canonical\" href=\"https:\/\/nestville.sk\/liehovar\/produkty-a-sluzby\/\" \/>\n<meta property=\"og:locale\" content=\"pl_PL\" \/>\n<meta property=\"og:type\" content=\"article\" \/>\n<meta property=\"og:title\" content=\"Produkty i us\u0142ugi - Nestville Distillery\" \/>\n<meta property=\"og:description\" content=\"Nestville Distillery Produkty i us\u0142ugi gorzelnicze Rodzaje napoj\u00f3w spirytusowych i destylat\u00f3w Poka\u017c wi\u0119cej \u015arodki dezynfekuj\u0105ce Poka\u017c wi\u0119cej Produkty przeciw zamarzaniu i alkoholowe Poka\u017c wi\u0119cej Pasze i nawozy Poka\u017c wi\u0119cej Us\u0142ugi Poka\u017c wi\u0119cej\" \/>\n<meta property=\"og:url\" content=\"https:\/\/nestville.sk\/liehovar\/produkty-a-sluzby\/\" \/>\n<meta property=\"og:site_name\" content=\"Nestville Distillery\" \/>\n<meta property=\"article:modified_time\" content=\"2025-06-19T15:15:42+00:00\" \/>\n<meta name=\"twitter:card\" content=\"summary_large_image\" \/>\n<meta name=\"twitter:label1\" content=\"Szacowany czas czytania\" \/>\n\t<meta name=\"twitter:data1\" content=\"1 minuta\" \/>\n<script type=\"application\/ld+json\" class=\"yoast-schema-graph\">{\"@context\":\"https:\\\/\\\/schema.org\",\"@graph\":[{\"@type\":\"WebPage\",\"@id\":\"https:\\\/\\\/nestville.sk\\\/liehovar\\\/produkty-a-sluzby\\\/\",\"url\":\"https:\\\/\\\/nestville.sk\\\/liehovar\\\/produkty-a-sluzby\\\/\",\"name\":\"Produkty i us\u0142ugi - Nestville Distillery\",\"isPartOf\":{\"@id\":\"https:\\\/\\\/nestville.sk\\\/#website\"},\"datePublished\":\"2023-10-27T10:41:31+00:00\",\"dateModified\":\"2025-06-19T15:15:42+00:00\",\"breadcrumb\":{\"@id\":\"https:\\\/\\\/nestville.sk\\\/liehovar\\\/produkty-a-sluzby\\\/#breadcrumb\"},\"inLanguage\":\"pl-PL\",\"potentialAction\":[{\"@type\":\"ReadAction\",\"target\":[\"https:\\\/\\\/nestville.sk\\\/liehovar\\\/produkty-a-sluzby\\\/\"]}]},{\"@type\":\"BreadcrumbList\",\"@id\":\"https:\\\/\\\/nestville.sk\\\/liehovar\\\/produkty-a-sluzby\\\/#breadcrumb\",\"itemListElement\":[{\"@type\":\"ListItem\",\"position\":1,\"name\":\"Domovsk\u00e1 str\u00e1nka\",\"item\":\"https:\\\/\\\/nestville.sk\\\/\"},{\"@type\":\"ListItem\",\"position\":2,\"name\":\"Destylarnia\",\"item\":\"https:\\\/\\\/nestville.sk\\\/liehovar\\\/\"},{\"@type\":\"ListItem\",\"position\":3,\"name\":\"Produkty i us\u0142ugi\"}]},{\"@type\":\"WebSite\",\"@id\":\"https:\\\/\\\/nestville.sk\\\/#website\",\"url\":\"https:\\\/\\\/nestville.sk\\\/\",\"name\":\"Nestville Distillery\",\"description\":\"Hniezdne\",\"publisher\":{\"@id\":\"https:\\\/\\\/nestville.sk\\\/#organization\"},\"potentialAction\":[{\"@type\":\"SearchAction\",\"target\":{\"@type\":\"EntryPoint\",\"urlTemplate\":\"https:\\\/\\\/nestville.sk\\\/?s={search_term_string}\"},\"query-input\":{\"@type\":\"PropertyValueSpecification\",\"valueRequired\":true,\"valueName\":\"search_term_string\"}}],\"inLanguage\":\"pl-PL\"},{\"@type\":\"Organization\",\"@id\":\"https:\\\/\\\/nestville.sk\\\/#organization\",\"name\":\"Nestville Distillery\",\"url\":\"https:\\\/\\\/nestville.sk\\\/\",\"logo\":{\"@type\":\"ImageObject\",\"inLanguage\":\"pl-PL\",\"@id\":\"https:\\\/\\\/nestville.sk\\\/#\\\/schema\\\/logo\\\/image\\\/\",\"url\":\"https:\\\/\\\/nestville.sk\\\/wp-content\\\/uploads\\\/2022\\\/02\\\/nestville.png\",\"contentUrl\":\"https:\\\/\\\/nestville.sk\\\/wp-content\\\/uploads\\\/2022\\\/02\\\/nestville.png\",\"width\":1200,\"height\":839,\"caption\":\"Nestville Distillery\"},\"image\":{\"@id\":\"https:\\\/\\\/nestville.sk\\\/#\\\/schema\\\/logo\\\/image\\\/\"}}]}<\/script>\n<!-- \/ Yoast SEO plugin. -->","yoast_head_json":{"title":"Produkty i us\u0142ugi - Nestville Distillery","robots":{"index":"index","follow":"follow","max-snippet":"max-snippet:-1","max-image-preview":"max-image-preview:large","max-video-preview":"max-video-preview:-1"},"canonical":"https:\/\/nestville.sk\/liehovar\/produkty-a-sluzby\/","og_locale":"pl_PL","og_type":"article","og_title":"Produkty i us\u0142ugi - Nestville Distillery","og_description":"Nestville Distillery Produkty i us\u0142ugi gorzelnicze Rodzaje napoj\u00f3w spirytusowych i destylat\u00f3w Poka\u017c wi\u0119cej \u015arodki dezynfekuj\u0105ce Poka\u017c wi\u0119cej Produkty przeciw zamarzaniu i alkoholowe Poka\u017c wi\u0119cej Pasze i nawozy Poka\u017c wi\u0119cej Us\u0142ugi Poka\u017c wi\u0119cej","og_url":"https:\/\/nestville.sk\/liehovar\/produkty-a-sluzby\/","og_site_name":"Nestville Distillery","article_modified_time":"2025-06-19T15:15:42+00:00","twitter_card":"summary_large_image","twitter_misc":{"Szacowany czas czytania":"1 minuta"},"schema":{"@context":"https:\/\/schema.org","@graph":[{"@type":"WebPage","@id":"https:\/\/nestville.sk\/liehovar\/produkty-a-sluzby\/","url":"https:\/\/nestville.sk\/liehovar\/produkty-a-sluzby\/","name":"Produkty i us\u0142ugi - Nestville Distillery","isPartOf":{"@id":"https:\/\/nestville.sk\/#website"},"datePublished":"2023-10-27T10:41:31+00:00","dateModified":"2025-06-19T15:15:42+00:00","breadcrumb":{"@id":"https:\/\/nestville.sk\/liehovar\/produkty-a-sluzby\/#breadcrumb"},"inLanguage":"pl-PL","potentialAction":[{"@type":"ReadAction","target":["https:\/\/nestville.sk\/liehovar\/produkty-a-sluzby\/"]}]},{"@type":"BreadcrumbList","@id":"https:\/\/nestville.sk\/liehovar\/produkty-a-sluzby\/#breadcrumb","itemListElement":[{"@type":"ListItem","position":1,"name":"Domovsk\u00e1 str\u00e1nka","item":"https:\/\/nestville.sk\/"},{"@type":"ListItem","position":2,"name":"Destylarnia","item":"https:\/\/nestville.sk\/liehovar\/"},{"@type":"ListItem","position":3,"name":"Produkty i us\u0142ugi"}]},{"@type":"WebSite","@id":"https:\/\/nestville.sk\/#website","url":"https:\/\/nestville.sk\/","name":"Nestville Distillery","description":"Hniezdne","publisher":{"@id":"https:\/\/nestville.sk\/#organization"},"potentialAction":[{"@type":"SearchAction","target":{"@type":"EntryPoint","urlTemplate":"https:\/\/nestville.sk\/?s={search_term_string}"},"query-input":{"@type":"PropertyValueSpecification","valueRequired":true,"valueName":"search_term_string"}}],"inLanguage":"pl-PL"},{"@type":"Organization","@id":"https:\/\/nestville.sk\/#organization","name":"Nestville Distillery","url":"https:\/\/nestville.sk\/","logo":{"@type":"ImageObject","inLanguage":"pl-PL","@id":"https:\/\/nestville.sk\/#\/schema\/logo\/image\/","url":"https:\/\/nestville.sk\/wp-content\/uploads\/2022\/02\/nestville.png","contentUrl":"https:\/\/nestville.sk\/wp-content\/uploads\/2022\/02\/nestville.png","width":1200,"height":839,"caption":"Nestville Distillery"},"image":{"@id":"https:\/\/nestville.sk\/#\/schema\/logo\/image\/"}}]}},"_links":{"self":[{"href":"https:\/\/nestville.sk\/pl\/wp-json\/wp\/v2\/pages\/31771","targetHints":{"allow":["GET"]}}],"collection":[{"href":"https:\/\/nestville.sk\/pl\/wp-json\/wp\/v2\/pages"}],"about":[{"href":"https:\/\/nestville.sk\/pl\/wp-json\/wp\/v2\/types\/page"}],"author":[{"embeddable":true,"href":"https:\/\/nestville.sk\/pl\/wp-json\/wp\/v2\/users\/1"}],"replies":[{"embeddable":true,"href":"https:\/\/nestville.sk\/pl\/wp-json\/wp\/v2\/comments?post=31771"}],"version-history":[{"count":35,"href":"https:\/\/nestville.sk\/pl\/wp-json\/wp\/v2\/pages\/31771\/revisions"}],"predecessor-version":[{"id":35186,"href":"https:\/\/nestville.sk\/pl\/wp-json\/wp\/v2\/pages\/31771\/revisions\/35186"}],"up":[{"embeddable":true,"href":"https:\/\/nestville.sk\/pl\/wp-json\/wp\/v2\/pages\/31758"}],"wp:attachment":[{"href":"https:\/\/nestville.sk\/pl\/wp-json\/wp\/v2\/media?parent=31771"}],"curies":[{"name":"wp","href":"https:\/\/api.w.org\/{rel}","templated":true}]}}