{"id":31757,"date":"2023-09-08T00:19:58","date_gmt":"2023-09-07T22:19:58","guid":{"rendered":"https:\/\/nestville.sk\/liehovar\/"},"modified":"2025-06-19T15:07:01","modified_gmt":"2025-06-19T13:07:01","slug":"about-distillery","status":"publish","type":"page","link":"https:\/\/nestville.sk\/en\/about-distillery\/","title":{"rendered":"Distillery"},"content":{"rendered":"\t\t<div data-elementor-type=\"wp-page\" data-elementor-id=\"31757\" class=\"elementor elementor-31757 elementor-30901\" data-elementor-post-type=\"page\">\n\t\t\t\t<div class=\"elementor-element elementor-element-baf88bc e-flex e-con-boxed e-con e-parent\" data-id=\"baf88bc\" data-element_type=\"container\" data-e-type=\"container\" data-settings=\"{&quot;background_background&quot;:&quot;classic&quot;}\">\n\t\t\t\t\t<div class=\"e-con-inner\">\n\t\t<div class=\"elementor-element elementor-element-076ec46 e-con-full e-flex e-con e-child\" data-id=\"076ec46\" data-element_type=\"container\" data-e-type=\"container\">\n\t\t\t\t<div class=\"elementor-element elementor-element-656189b pp-divider-center elementor-widget elementor-widget-pp-divider\" data-id=\"656189b\" data-element_type=\"widget\" data-e-type=\"widget\" data-widget_type=\"pp-divider.default\">\n\t\t\t\t\t\t\t<div class=\"pp-divider-wrap\">\n\t\t\t\t\t\t\t<div class=\"divider-text-container\">\n\t\t\t\t\t<div class=\"divider-text-wrap\">\n\t\t\t\t\t\t<span class=\"pp-divider-border-wrap divider-border-left\">\n\t\t\t\t\t\t\t<span class=\"divider-border\"><\/span>\n\t\t\t\t\t\t<\/span>\n\t\t\t\t\t\t<span class=\"pp-divider-content\">\n\t\t\t\t\t\t\t\t\t\t\t\t\t\t\t<span class=\"pp-divider-text\">\n\t\t\t\t\t\t\t\t\tNestville Distillery\t\t\t\t\t\t\t\t<\/span>\n\t\t\t\t\t\t\t\t\t\t\t\t\t\t<\/span>\n\t\t\t\t\t\t<span class=\"pp-divider-border-wrap divider-border-right\">\n\t\t\t\t\t\t\t<span class=\"divider-border\"><\/span>\n\t\t\t\t\t\t<\/span>\n\t\t\t\t\t<\/div>\n\t\t\t\t<\/div>\n\t\t\t\t\t\t<\/div>    \n\t\t\t\t\t\t<\/div>\n\t\t\t\t<div class=\"elementor-element elementor-element-da8c864 elementor-widget elementor-widget-heading\" data-id=\"da8c864\" data-element_type=\"widget\" data-e-type=\"widget\" data-widget_type=\"heading.default\">\n\t\t\t\t\t<h2 class=\"elementor-heading-title elementor-size-default\">Distillery<\/h2>\t\t\t\t<\/div>\n\t\t\t\t<\/div>\n\t\t\t\t\t<\/div>\n\t\t\t\t<\/div>\n\t\t<div class=\"elementor-element elementor-element-5282213 e-flex e-con-boxed e-con e-parent\" data-id=\"5282213\" data-element_type=\"container\" data-e-type=\"container\">\n\t\t\t\t\t<div class=\"e-con-inner\">\n\t\t<div class=\"elementor-element elementor-element-8863c18 e-con-full e-flex e-con e-child\" data-id=\"8863c18\" data-element_type=\"container\" data-e-type=\"container\">\n\t\t\t\t<div class=\"elementor-element elementor-element-29d8afe pp-divider-center elementor-widget elementor-widget-pp-divider\" data-id=\"29d8afe\" data-element_type=\"widget\" data-e-type=\"widget\" data-widget_type=\"pp-divider.default\">\n\t\t\t\t\t\t\t<div class=\"pp-divider-wrap\">\n\t\t\t\t\t\t\t<div class=\"divider-text-container\">\n\t\t\t\t\t<div class=\"divider-text-wrap\">\n\t\t\t\t\t\t<span class=\"pp-divider-border-wrap divider-border-left\">\n\t\t\t\t\t\t\t<span class=\"divider-border\"><\/span>\n\t\t\t\t\t\t<\/span>\n\t\t\t\t\t\t<span class=\"pp-divider-content\">\n\t\t\t\t\t\t\t\t\t\t\t\t\t\t\t<span class=\"pp-divider-text\">\n\t\t\t\t\t\t\t\t\t2001\t\t\t\t\t\t\t\t<\/span>\n\t\t\t\t\t\t\t\t\t\t\t\t\t\t<\/span>\n\t\t\t\t\t\t<span class=\"pp-divider-border-wrap divider-border-right\">\n\t\t\t\t\t\t\t<span class=\"divider-border\"><\/span>\n\t\t\t\t\t\t<\/span>\n\t\t\t\t\t<\/div>\n\t\t\t\t<\/div>\n\t\t\t\t\t\t<\/div>    \n\t\t\t\t\t\t<\/div>\n\t\t\t\t<div class=\"elementor-element elementor-element-c957241 elementor-widget elementor-widget-heading\" data-id=\"c957241\" data-element_type=\"widget\" data-e-type=\"widget\" data-widget_type=\"heading.default\">\n\t\t\t\t\t<h2 class=\"elementor-heading-title elementor-size-default\">BGV, s.r.o.<\/h2>\t\t\t\t<\/div>\n\t\t\t\t<div class=\"elementor-element elementor-element-41fc3b0 elementor-widget elementor-widget-text-editor\" data-id=\"41fc3b0\" data-element_type=\"widget\" data-e-type=\"widget\" data-widget_type=\"text-editor.default\">\n\t\t\t\t\t\t\t\t\t<p>The company BGV, s.r.o. was founded in 2001 and its main activity is the production of ethyl alcohol &#8211; spirit in a modern, high-performance grain distillery. The distillery continues its rich tradition of producing distillates and spirits in northern Spi\u0161. The excellent level of fermentation and state-of-the-art technology of the distillation and rectification equipment, as well as precise quality control and high professionalism of the employees are a guarantee of stable production of the highest quality spirit. The stable portfolio of our customers consists of major liqueurs throughout Europe, pharmaceutical and food companies, manufacturers of car cosmetics, packaging films and many other industrial enterprises.   <\/p>\t\t\t\t\t\t\t\t<\/div>\n\t\t\t\t<\/div>\n\t\t<div class=\"elementor-element elementor-element-37de511 e-con-full e-flex e-con e-child\" data-id=\"37de511\" data-element_type=\"container\" data-e-type=\"container\">\n\t\t\t\t<div class=\"elementor-element elementor-element-73690ce elementor-invisible elementor-widget elementor-widget-image\" data-id=\"73690ce\" data-element_type=\"widget\" data-e-type=\"widget\" data-settings=\"{&quot;_animation&quot;:&quot;fadeInRight&quot;}\" data-widget_type=\"image.default\">\n\t\t\t\t\t\t\t\t\t\t\t\t\t\t\t<img fetchpriority=\"high\" decoding=\"async\" width=\"800\" height=\"533\" src=\"https:\/\/nestville.sk\/wp-content\/uploads\/2023\/12\/o-liehovare-1024x682.jpg\" class=\"attachment-large size-large wp-image-31539\" alt=\"\" srcset=\"https:\/\/nestville.sk\/wp-content\/uploads\/2023\/12\/o-liehovare-1024x682.jpg 1024w, https:\/\/nestville.sk\/wp-content\/uploads\/2023\/12\/o-liehovare-900x599.jpg 900w, https:\/\/nestville.sk\/wp-content\/uploads\/2023\/12\/o-liehovare-768x511.jpg 768w, https:\/\/nestville.sk\/wp-content\/uploads\/2023\/12\/o-liehovare-1536x1022.jpg 1536w, https:\/\/nestville.sk\/wp-content\/uploads\/2023\/12\/o-liehovare-600x399.jpg 600w, https:\/\/nestville.sk\/wp-content\/uploads\/2023\/12\/o-liehovare-64x43.jpg 64w, https:\/\/nestville.sk\/wp-content\/uploads\/2023\/12\/o-liehovare.jpg 1920w\" sizes=\"(max-width: 800px) 100vw, 800px\" \/>\t\t\t\t\t\t\t\t\t\t\t\t\t\t\t<\/div>\n\t\t\t\t<\/div>\n\t\t\t\t\t<\/div>\n\t\t\t\t<\/div>\n\t\t<div class=\"elementor-element elementor-element-68ccc5c e-flex e-con-boxed e-con e-parent\" data-id=\"68ccc5c\" data-element_type=\"container\" data-e-type=\"container\" id=\"ubytovanie\">\n\t\t\t\t\t<div class=\"e-con-inner\">\n\t\t<div class=\"elementor-element elementor-element-08e0a17 e-con-full e-flex e-con e-child\" data-id=\"08e0a17\" data-element_type=\"container\" data-e-type=\"container\">\n\t\t\t\t<div class=\"elementor-element elementor-element-e70cc81 elementor-invisible elementor-widget elementor-widget-image\" data-id=\"e70cc81\" data-element_type=\"widget\" data-e-type=\"widget\" data-settings=\"{&quot;_animation&quot;:&quot;fadeInRight&quot;}\" data-widget_type=\"image.default\">\n\t\t\t\t\t\t\t\t\t\t\t\t\t\t\t<img decoding=\"async\" width=\"800\" height=\"533\" src=\"https:\/\/nestville.sk\/wp-content\/uploads\/2023\/09\/Nestville30.jpg\" class=\"attachment-large size-large wp-image-31144\" alt=\"\" srcset=\"https:\/\/nestville.sk\/wp-content\/uploads\/2023\/09\/Nestville30.jpg 900w, https:\/\/nestville.sk\/wp-content\/uploads\/2023\/09\/Nestville30-768x512.jpg 768w, https:\/\/nestville.sk\/wp-content\/uploads\/2023\/09\/Nestville30-600x400.jpg 600w, https:\/\/nestville.sk\/wp-content\/uploads\/2023\/09\/Nestville30-64x43.jpg 64w\" sizes=\"(max-width: 800px) 100vw, 800px\" \/>\t\t\t\t\t\t\t\t\t\t\t\t\t\t\t<\/div>\n\t\t\t\t<\/div>\n\t\t<div class=\"elementor-element elementor-element-9cc6da3 e-con-full e-flex e-con e-child\" data-id=\"9cc6da3\" data-element_type=\"container\" data-e-type=\"container\" id=\"ubytovanie\">\n\t\t\t\t<div class=\"elementor-element elementor-element-684b971 pp-divider-center elementor-widget elementor-widget-pp-divider\" data-id=\"684b971\" data-element_type=\"widget\" data-e-type=\"widget\" data-widget_type=\"pp-divider.default\">\n\t\t\t\t\t\t\t<div class=\"pp-divider-wrap\">\n\t\t\t\t\t\t\t<div class=\"divider-text-container\">\n\t\t\t\t\t<div class=\"divider-text-wrap\">\n\t\t\t\t\t\t<span class=\"pp-divider-border-wrap divider-border-left\">\n\t\t\t\t\t\t\t<span class=\"divider-border\"><\/span>\n\t\t\t\t\t\t<\/span>\n\t\t\t\t\t\t<span class=\"pp-divider-content\">\n\t\t\t\t\t\t\t\t\t\t\t\t\t\t\t<span class=\"pp-divider-text\">\n\t\t\t\t\t\t\t\t\tThe most modern\t\t\t\t\t\t\t\t<\/span>\n\t\t\t\t\t\t\t\t\t\t\t\t\t\t<\/span>\n\t\t\t\t\t\t<span class=\"pp-divider-border-wrap divider-border-right\">\n\t\t\t\t\t\t\t<span class=\"divider-border\"><\/span>\n\t\t\t\t\t\t<\/span>\n\t\t\t\t\t<\/div>\n\t\t\t\t<\/div>\n\t\t\t\t\t\t<\/div>    \n\t\t\t\t\t\t<\/div>\n\t\t\t\t<div class=\"elementor-element elementor-element-fbfcc76 elementor-widget elementor-widget-heading\" data-id=\"fbfcc76\" data-element_type=\"widget\" data-e-type=\"widget\" data-widget_type=\"heading.default\">\n\t\t\t\t\t<h2 class=\"elementor-heading-title elementor-size-default\">Distillery<\/h2>\t\t\t\t<\/div>\n\t\t\t\t<div class=\"elementor-element elementor-element-2d8a7d6 elementor-widget elementor-widget-text-editor\" data-id=\"2d8a7d6\" data-element_type=\"widget\" data-e-type=\"widget\" data-widget_type=\"text-editor.default\">\n\t\t\t\t\t\t\t\t\t<p>The BGV, s.r.o. distillery is one of the most modern grain distilleries in Central Europe. The plant is located near the town of Star\u00e1 \u013dubov\u0148a, whose distilling tradition dates back to the 18th century. We are the largest producers of food spirit in Slovakia. Since 2008, we have also been engaged in the production of whiskey and grain distillates. The plant can also produce anhydrous spirit using molecular sieves. The capacity of the storage tanks is approximately 2,500 m3. We have an accredited testing laboratory for the analysis of spirit and spirits. Our experienced truck drivers and logistics experts ensure reliable transport directly to our customers.       <\/p>\t\t\t\t\t\t\t\t<\/div>\n\t\t\t\t<\/div>\n\t\t\t\t\t<\/div>\n\t\t\t\t<\/div>\n\t\t<div class=\"elementor-element elementor-element-652b27d e-flex e-con-boxed e-con e-parent\" data-id=\"652b27d\" data-element_type=\"container\" data-e-type=\"container\" id=\"chocolate\">\n\t\t\t\t\t<div class=\"e-con-inner\">\n\t\t<div class=\"elementor-element elementor-element-a0de6e8 e-con-full e-flex e-con e-child\" data-id=\"a0de6e8\" data-element_type=\"container\" data-e-type=\"container\">\n\t\t\t\t<div class=\"elementor-element elementor-element-92f8bc6 pp-divider-center elementor-widget elementor-widget-pp-divider\" data-id=\"92f8bc6\" data-element_type=\"widget\" data-e-type=\"widget\" data-widget_type=\"pp-divider.default\">\n\t\t\t\t\t\t\t<div class=\"pp-divider-wrap\">\n\t\t\t\t\t\t\t<div class=\"divider-text-container\">\n\t\t\t\t\t<div class=\"divider-text-wrap\">\n\t\t\t\t\t\t<span class=\"pp-divider-border-wrap divider-border-left\">\n\t\t\t\t\t\t\t<span class=\"divider-border\"><\/span>\n\t\t\t\t\t\t<\/span>\n\t\t\t\t\t\t<span class=\"pp-divider-content\">\n\t\t\t\t\t\t\t\t\t\t\t\t\t\t\t<span class=\"pp-divider-text\">\n\t\t\t\t\t\t\t\t\tScheme\t\t\t\t\t\t\t\t<\/span>\n\t\t\t\t\t\t\t\t\t\t\t\t\t\t<\/span>\n\t\t\t\t\t\t<span class=\"pp-divider-border-wrap divider-border-right\">\n\t\t\t\t\t\t\t<span class=\"divider-border\"><\/span>\n\t\t\t\t\t\t<\/span>\n\t\t\t\t\t<\/div>\n\t\t\t\t<\/div>\n\t\t\t\t\t\t<\/div>    \n\t\t\t\t\t\t<\/div>\n\t\t\t\t<div class=\"elementor-element elementor-element-4943976 elementor-widget elementor-widget-heading\" data-id=\"4943976\" data-element_type=\"widget\" data-e-type=\"widget\" data-widget_type=\"heading.default\">\n\t\t\t\t\t<h2 class=\"elementor-heading-title elementor-size-default\">Productions<\/h2>\t\t\t\t<\/div>\n\t\t\t\t<div class=\"elementor-element elementor-element-bfbc55e elementor-widget elementor-widget-text-editor\" data-id=\"bfbc55e\" data-element_type=\"widget\" data-e-type=\"widget\" data-widget_type=\"text-editor.default\">\n\t\t\t\t\t\t\t\t\t<p>1. Grain delivery<br>2. Silos<br>3. Crushing<br>4. Hydrolysis<br>5. Fermentation<br>6. Distillation<br>7. Spirit storage<br>8. Shipping<br>9. Distillates<br>10. Liquid<br>11. Solid (feed &#8211; Gurmit)<\/p>\t\t\t\t\t\t\t\t<\/div>\n\t\t\t\t<\/div>\n\t\t<div class=\"elementor-element elementor-element-ae2120c e-con-full e-flex e-con e-child\" data-id=\"ae2120c\" data-element_type=\"container\" data-e-type=\"container\">\n\t\t\t\t<div class=\"elementor-element elementor-element-84c04f5 elementor-invisible elementor-widget elementor-widget-image\" data-id=\"84c04f5\" data-element_type=\"widget\" data-e-type=\"widget\" data-settings=\"{&quot;_animation&quot;:&quot;fadeInRight&quot;}\" data-widget_type=\"image.default\">\n\t\t\t\t\t\t\t\t\t\t\t\t\t\t\t<img decoding=\"async\" width=\"800\" height=\"533\" src=\"https:\/\/nestville.sk\/wp-content\/uploads\/2023\/09\/liehovar-proces-vyroby.jpg\" class=\"attachment-large size-large wp-image-31094\" alt=\"\" srcset=\"https:\/\/nestville.sk\/wp-content\/uploads\/2023\/09\/liehovar-proces-vyroby.jpg 900w, https:\/\/nestville.sk\/wp-content\/uploads\/2023\/09\/liehovar-proces-vyroby-768x512.jpg 768w, https:\/\/nestville.sk\/wp-content\/uploads\/2023\/09\/liehovar-proces-vyroby-600x400.jpg 600w, https:\/\/nestville.sk\/wp-content\/uploads\/2023\/09\/liehovar-proces-vyroby-64x43.jpg 64w\" sizes=\"(max-width: 800px) 100vw, 800px\" \/>\t\t\t\t\t\t\t\t\t\t\t\t\t\t\t<\/div>\n\t\t\t\t<\/div>\n\t\t\t\t\t<\/div>\n\t\t\t\t<\/div>\n\t\t<div class=\"elementor-element elementor-element-58c535b e-flex e-con-boxed e-con e-parent\" data-id=\"58c535b\" data-element_type=\"container\" data-e-type=\"container\">\n\t\t\t\t\t<div class=\"e-con-inner\">\n\t\t<div class=\"elementor-element elementor-element-3fd8268 e-con-full e-flex e-con e-child\" data-id=\"3fd8268\" data-element_type=\"container\" data-e-type=\"container\">\n\t\t\t\t<div class=\"elementor-element elementor-element-07df9fc elementor-invisible elementor-widget elementor-widget-image\" data-id=\"07df9fc\" data-element_type=\"widget\" data-e-type=\"widget\" data-settings=\"{&quot;_animation&quot;:&quot;fadeInRight&quot;}\" data-widget_type=\"image.default\">\n\t\t\t\t\t\t\t\t\t\t\t\t\t\t\t<img loading=\"lazy\" decoding=\"async\" width=\"800\" height=\"533\" src=\"https:\/\/nestville.sk\/wp-content\/uploads\/2023\/09\/Nestiville33-PNW.jpg\" class=\"attachment-large size-large wp-image-31113\" alt=\"\" srcset=\"https:\/\/nestville.sk\/wp-content\/uploads\/2023\/09\/Nestiville33-PNW.jpg 900w, https:\/\/nestville.sk\/wp-content\/uploads\/2023\/09\/Nestiville33-PNW-768x512.jpg 768w, https:\/\/nestville.sk\/wp-content\/uploads\/2023\/09\/Nestiville33-PNW-600x400.jpg 600w, https:\/\/nestville.sk\/wp-content\/uploads\/2023\/09\/Nestiville33-PNW-64x43.jpg 64w\" sizes=\"(max-width: 800px) 100vw, 800px\" \/>\t\t\t\t\t\t\t\t\t\t\t\t\t\t\t<\/div>\n\t\t\t\t<\/div>\n\t\t<div class=\"elementor-element elementor-element-90938cc e-con-full e-flex e-con e-child\" data-id=\"90938cc\" data-element_type=\"container\" data-e-type=\"container\">\n\t\t\t\t<div class=\"elementor-element elementor-element-9971876 pp-divider-center elementor-widget elementor-widget-pp-divider\" data-id=\"9971876\" data-element_type=\"widget\" data-e-type=\"widget\" data-widget_type=\"pp-divider.default\">\n\t\t\t\t\t\t\t<div class=\"pp-divider-wrap\">\n\t\t\t\t\t\t\t<div class=\"divider-text-container\">\n\t\t\t\t\t<div class=\"divider-text-wrap\">\n\t\t\t\t\t\t<span class=\"pp-divider-border-wrap divider-border-left\">\n\t\t\t\t\t\t\t<span class=\"divider-border\"><\/span>\n\t\t\t\t\t\t<\/span>\n\t\t\t\t\t\t<span class=\"pp-divider-content\">\n\t\t\t\t\t\t\t\t\t\t\t\t\t\t\t<span class=\"pp-divider-text\">\n\t\t\t\t\t\t\t\t\tOffer\t\t\t\t\t\t\t\t<\/span>\n\t\t\t\t\t\t\t\t\t\t\t\t\t\t<\/span>\n\t\t\t\t\t\t<span class=\"pp-divider-border-wrap divider-border-right\">\n\t\t\t\t\t\t\t<span class=\"divider-border\"><\/span>\n\t\t\t\t\t\t<\/span>\n\t\t\t\t\t<\/div>\n\t\t\t\t<\/div>\n\t\t\t\t\t\t<\/div>    \n\t\t\t\t\t\t<\/div>\n\t\t\t\t<div class=\"elementor-element elementor-element-84ef8d2 elementor-widget elementor-widget-heading\" data-id=\"84ef8d2\" data-element_type=\"widget\" data-e-type=\"widget\" data-widget_type=\"heading.default\">\n\t\t\t\t\t<h2 class=\"elementor-heading-title elementor-size-default\">In industry<\/h2>\t\t\t\t<\/div>\n\t\t\t\t<div class=\"elementor-element elementor-element-1f6128b elementor-widget elementor-widget-text-editor\" data-id=\"1f6128b\" data-element_type=\"widget\" data-e-type=\"widget\" data-widget_type=\"text-editor.default\">\n\t\t\t\t\t\t\t\t\t<p>We offer a wide range of solutions in the food, pharmaceutical, automotive, cosmetic, disinfection and other products sectors, according to the individual requirements of the client. We create an environment in which flexibility and adaptation of production processes achieves a variability that can only be found with top partners. We take care of your project as if it were our own, thereby emphasizing its importance.  <\/p>\t\t\t\t\t\t\t\t<\/div>\n\t\t\t\t<\/div>\n\t\t\t\t\t<\/div>\n\t\t\t\t<\/div>\n\t\t\t\t<\/div>\n\t\t","protected":false},"excerpt":{"rendered":"<p>Nestville Distillery Distillery 2001 BGV, s.r.o. The company BGV, s.r.o. was founded in 2001 and its main activity is the production of ethyl alcohol &#8211; spirit in a modern, high-performance grain distillery. The distillery continues its rich tradition of producing distillates and spirits in northern Spi\u0161. The excellent level of fermentation and state-of-the-art technology of [&hellip;]<\/p>\n","protected":false},"author":1,"featured_media":0,"parent":0,"menu_order":0,"comment_status":"closed","ping_status":"closed","template":"","meta":{"footnotes":""},"class_list":["post-31757","page","type-page","status-publish","hentry"],"yoast_head":"<!-- This site is optimized with the Yoast SEO plugin v27.4 - https:\/\/yoast.com\/product\/yoast-seo-wordpress\/ -->\n<title>Distillery - Nestville Distillery<\/title>\n<meta name=\"robots\" content=\"index, follow, max-snippet:-1, max-image-preview:large, max-video-preview:-1\" \/>\n<link rel=\"canonical\" href=\"https:\/\/nestville.sk\/en\/about-distillery\/\" \/>\n<meta property=\"og:locale\" content=\"en_US\" \/>\n<meta property=\"og:type\" content=\"article\" \/>\n<meta property=\"og:title\" content=\"Distillery - Nestville Distillery\" \/>\n<meta property=\"og:description\" content=\"Nestville Distillery Distillery 2001 BGV, s.r.o. The company BGV, s.r.o. was founded in 2001 and its main activity is the production of ethyl alcohol &#8211; spirit in a modern, high-performance grain distillery. The distillery continues its rich tradition of producing distillates and spirits in northern Spi\u0161. The excellent level of fermentation and state-of-the-art technology of [&hellip;]\" \/>\n<meta property=\"og:url\" content=\"https:\/\/nestville.sk\/en\/about-distillery\/\" \/>\n<meta property=\"og:site_name\" content=\"Nestville Distillery\" \/>\n<meta property=\"article:modified_time\" content=\"2025-06-19T13:07:01+00:00\" \/>\n<meta property=\"og:image\" content=\"https:\/\/nestville.sk\/wp-content\/uploads\/2023\/12\/o-liehovare.jpg\" \/>\n\t<meta property=\"og:image:width\" content=\"1920\" \/>\n\t<meta property=\"og:image:height\" content=\"1278\" \/>\n\t<meta property=\"og:image:type\" content=\"image\/jpeg\" \/>\n<meta name=\"twitter:card\" content=\"summary_large_image\" \/>\n<meta name=\"twitter:label1\" content=\"Est. reading time\" \/>\n\t<meta name=\"twitter:data1\" content=\"3 minutes\" \/>\n<script type=\"application\/ld+json\" class=\"yoast-schema-graph\">{\"@context\":\"https:\\\/\\\/schema.org\",\"@graph\":[{\"@type\":\"WebPage\",\"@id\":\"https:\\\/\\\/nestville.sk\\\/en\\\/about-distillery\\\/\",\"url\":\"https:\\\/\\\/nestville.sk\\\/en\\\/about-distillery\\\/\",\"name\":\"Distillery - Nestville Distillery\",\"isPartOf\":{\"@id\":\"https:\\\/\\\/nestville.sk\\\/#website\"},\"primaryImageOfPage\":{\"@id\":\"https:\\\/\\\/nestville.sk\\\/en\\\/about-distillery\\\/#primaryimage\"},\"image\":{\"@id\":\"https:\\\/\\\/nestville.sk\\\/en\\\/about-distillery\\\/#primaryimage\"},\"thumbnailUrl\":\"https:\\\/\\\/nestville.sk\\\/wp-content\\\/uploads\\\/2023\\\/12\\\/o-liehovare-1024x682.jpg\",\"datePublished\":\"2023-09-07T22:19:58+00:00\",\"dateModified\":\"2025-06-19T13:07:01+00:00\",\"breadcrumb\":{\"@id\":\"https:\\\/\\\/nestville.sk\\\/en\\\/about-distillery\\\/#breadcrumb\"},\"inLanguage\":\"en-US\",\"potentialAction\":[{\"@type\":\"ReadAction\",\"target\":[\"https:\\\/\\\/nestville.sk\\\/en\\\/about-distillery\\\/\"]}]},{\"@type\":\"ImageObject\",\"inLanguage\":\"en-US\",\"@id\":\"https:\\\/\\\/nestville.sk\\\/en\\\/about-distillery\\\/#primaryimage\",\"url\":\"https:\\\/\\\/nestville.sk\\\/wp-content\\\/uploads\\\/2023\\\/12\\\/o-liehovare-1024x682.jpg\",\"contentUrl\":\"https:\\\/\\\/nestville.sk\\\/wp-content\\\/uploads\\\/2023\\\/12\\\/o-liehovare-1024x682.jpg\"},{\"@type\":\"BreadcrumbList\",\"@id\":\"https:\\\/\\\/nestville.sk\\\/en\\\/about-distillery\\\/#breadcrumb\",\"itemListElement\":[{\"@type\":\"ListItem\",\"position\":1,\"name\":\"Domovsk\u00e1 str\u00e1nka\",\"item\":\"https:\\\/\\\/nestville.sk\\\/\"},{\"@type\":\"ListItem\",\"position\":2,\"name\":\"Distillery\"}]},{\"@type\":\"WebSite\",\"@id\":\"https:\\\/\\\/nestville.sk\\\/#website\",\"url\":\"https:\\\/\\\/nestville.sk\\\/\",\"name\":\"Nestville Distillery\",\"description\":\"Hniezdne\",\"publisher\":{\"@id\":\"https:\\\/\\\/nestville.sk\\\/#organization\"},\"potentialAction\":[{\"@type\":\"SearchAction\",\"target\":{\"@type\":\"EntryPoint\",\"urlTemplate\":\"https:\\\/\\\/nestville.sk\\\/?s={search_term_string}\"},\"query-input\":{\"@type\":\"PropertyValueSpecification\",\"valueRequired\":true,\"valueName\":\"search_term_string\"}}],\"inLanguage\":\"en-US\"},{\"@type\":\"Organization\",\"@id\":\"https:\\\/\\\/nestville.sk\\\/#organization\",\"name\":\"Nestville Distillery\",\"url\":\"https:\\\/\\\/nestville.sk\\\/\",\"logo\":{\"@type\":\"ImageObject\",\"inLanguage\":\"en-US\",\"@id\":\"https:\\\/\\\/nestville.sk\\\/#\\\/schema\\\/logo\\\/image\\\/\",\"url\":\"https:\\\/\\\/nestville.sk\\\/wp-content\\\/uploads\\\/2022\\\/02\\\/nestville.png\",\"contentUrl\":\"https:\\\/\\\/nestville.sk\\\/wp-content\\\/uploads\\\/2022\\\/02\\\/nestville.png\",\"width\":1200,\"height\":839,\"caption\":\"Nestville Distillery\"},\"image\":{\"@id\":\"https:\\\/\\\/nestville.sk\\\/#\\\/schema\\\/logo\\\/image\\\/\"}}]}<\/script>\n<!-- \/ Yoast SEO plugin. -->","yoast_head_json":{"title":"Distillery - Nestville Distillery","robots":{"index":"index","follow":"follow","max-snippet":"max-snippet:-1","max-image-preview":"max-image-preview:large","max-video-preview":"max-video-preview:-1"},"canonical":"https:\/\/nestville.sk\/en\/about-distillery\/","og_locale":"en_US","og_type":"article","og_title":"Distillery - Nestville Distillery","og_description":"Nestville Distillery Distillery 2001 BGV, s.r.o. The company BGV, s.r.o. was founded in 2001 and its main activity is the production of ethyl alcohol &#8211; spirit in a modern, high-performance grain distillery. The distillery continues its rich tradition of producing distillates and spirits in northern Spi\u0161. The excellent level of fermentation and state-of-the-art technology of [&hellip;]","og_url":"https:\/\/nestville.sk\/en\/about-distillery\/","og_site_name":"Nestville Distillery","article_modified_time":"2025-06-19T13:07:01+00:00","og_image":[{"width":1920,"height":1278,"url":"https:\/\/nestville.sk\/wp-content\/uploads\/2023\/12\/o-liehovare.jpg","type":"image\/jpeg"}],"twitter_card":"summary_large_image","twitter_misc":{"Est. reading time":"3 minutes"},"schema":{"@context":"https:\/\/schema.org","@graph":[{"@type":"WebPage","@id":"https:\/\/nestville.sk\/en\/about-distillery\/","url":"https:\/\/nestville.sk\/en\/about-distillery\/","name":"Distillery - Nestville Distillery","isPartOf":{"@id":"https:\/\/nestville.sk\/#website"},"primaryImageOfPage":{"@id":"https:\/\/nestville.sk\/en\/about-distillery\/#primaryimage"},"image":{"@id":"https:\/\/nestville.sk\/en\/about-distillery\/#primaryimage"},"thumbnailUrl":"https:\/\/nestville.sk\/wp-content\/uploads\/2023\/12\/o-liehovare-1024x682.jpg","datePublished":"2023-09-07T22:19:58+00:00","dateModified":"2025-06-19T13:07:01+00:00","breadcrumb":{"@id":"https:\/\/nestville.sk\/en\/about-distillery\/#breadcrumb"},"inLanguage":"en-US","potentialAction":[{"@type":"ReadAction","target":["https:\/\/nestville.sk\/en\/about-distillery\/"]}]},{"@type":"ImageObject","inLanguage":"en-US","@id":"https:\/\/nestville.sk\/en\/about-distillery\/#primaryimage","url":"https:\/\/nestville.sk\/wp-content\/uploads\/2023\/12\/o-liehovare-1024x682.jpg","contentUrl":"https:\/\/nestville.sk\/wp-content\/uploads\/2023\/12\/o-liehovare-1024x682.jpg"},{"@type":"BreadcrumbList","@id":"https:\/\/nestville.sk\/en\/about-distillery\/#breadcrumb","itemListElement":[{"@type":"ListItem","position":1,"name":"Domovsk\u00e1 str\u00e1nka","item":"https:\/\/nestville.sk\/"},{"@type":"ListItem","position":2,"name":"Distillery"}]},{"@type":"WebSite","@id":"https:\/\/nestville.sk\/#website","url":"https:\/\/nestville.sk\/","name":"Nestville Distillery","description":"Hniezdne","publisher":{"@id":"https:\/\/nestville.sk\/#organization"},"potentialAction":[{"@type":"SearchAction","target":{"@type":"EntryPoint","urlTemplate":"https:\/\/nestville.sk\/?s={search_term_string}"},"query-input":{"@type":"PropertyValueSpecification","valueRequired":true,"valueName":"search_term_string"}}],"inLanguage":"en-US"},{"@type":"Organization","@id":"https:\/\/nestville.sk\/#organization","name":"Nestville Distillery","url":"https:\/\/nestville.sk\/","logo":{"@type":"ImageObject","inLanguage":"en-US","@id":"https:\/\/nestville.sk\/#\/schema\/logo\/image\/","url":"https:\/\/nestville.sk\/wp-content\/uploads\/2022\/02\/nestville.png","contentUrl":"https:\/\/nestville.sk\/wp-content\/uploads\/2022\/02\/nestville.png","width":1200,"height":839,"caption":"Nestville Distillery"},"image":{"@id":"https:\/\/nestville.sk\/#\/schema\/logo\/image\/"}}]}},"_links":{"self":[{"href":"https:\/\/nestville.sk\/en\/wp-json\/wp\/v2\/pages\/31757","targetHints":{"allow":["GET"]}}],"collection":[{"href":"https:\/\/nestville.sk\/en\/wp-json\/wp\/v2\/pages"}],"about":[{"href":"https:\/\/nestville.sk\/en\/wp-json\/wp\/v2\/types\/page"}],"author":[{"embeddable":true,"href":"https:\/\/nestville.sk\/en\/wp-json\/wp\/v2\/users\/1"}],"replies":[{"embeddable":true,"href":"https:\/\/nestville.sk\/en\/wp-json\/wp\/v2\/comments?post=31757"}],"version-history":[{"count":22,"href":"https:\/\/nestville.sk\/en\/wp-json\/wp\/v2\/pages\/31757\/revisions"}],"predecessor-version":[{"id":35090,"href":"https:\/\/nestville.sk\/en\/wp-json\/wp\/v2\/pages\/31757\/revisions\/35090"}],"wp:attachment":[{"href":"https:\/\/nestville.sk\/en\/wp-json\/wp\/v2\/media?parent=31757"}],"curies":[{"name":"wp","href":"https:\/\/api.w.org\/{rel}","templated":true}]}}