{"id":31748,"date":"2022-02-16T10:48:15","date_gmt":"2022-02-16T09:48:15","guid":{"rendered":"https:\/\/nestville.sk\/kontakt\/"},"modified":"2025-09-08T10:00:58","modified_gmt":"2025-09-08T08:00:58","slug":"contact","status":"publish","type":"page","link":"https:\/\/nestville.sk\/en\/contact\/","title":{"rendered":"Contact"},"content":{"rendered":"\t\t<div data-elementor-type=\"wp-page\" data-elementor-id=\"31748\" class=\"elementor elementor-31748 elementor-29\" data-elementor-post-type=\"page\">\n\t\t\t\t<div class=\"elementor-element elementor-element-1df4adb e-flex e-con-boxed e-con e-parent\" data-id=\"1df4adb\" data-element_type=\"container\" data-e-type=\"container\" data-settings=\"{&quot;background_background&quot;:&quot;classic&quot;,&quot;background_motion_fx_motion_fx_scrolling&quot;:&quot;yes&quot;,&quot;background_motion_fx_scale_effect&quot;:&quot;yes&quot;,&quot;background_motion_fx_scale_direction&quot;:&quot;in-out&quot;,&quot;background_motion_fx_scale_speed&quot;:{&quot;unit&quot;:&quot;px&quot;,&quot;size&quot;:2,&quot;sizes&quot;:[]},&quot;background_motion_fx_scale_range&quot;:{&quot;unit&quot;:&quot;%&quot;,&quot;size&quot;:&quot;&quot;,&quot;sizes&quot;:{&quot;start&quot;:20,&quot;end&quot;:80}},&quot;background_motion_fx_devices&quot;:[&quot;desktop&quot;,&quot;tablet&quot;,&quot;mobile&quot;]}\">\n\t\t\t\t\t<div class=\"e-con-inner\">\n\t\t<div class=\"elementor-element elementor-element-227359c e-con-full e-flex e-con e-child\" data-id=\"227359c\" data-element_type=\"container\" data-e-type=\"container\">\n\t\t\t\t<div class=\"elementor-element elementor-element-45aa40f pp-divider-center elementor-widget elementor-widget-pp-divider\" data-id=\"45aa40f\" data-element_type=\"widget\" data-e-type=\"widget\" data-widget_type=\"pp-divider.default\">\n\t\t\t\t\t\t\t<div class=\"pp-divider-wrap\">\n\t\t\t\t\t\t\t<div class=\"divider-text-container\">\n\t\t\t\t\t<div class=\"divider-text-wrap\">\n\t\t\t\t\t\t<span class=\"pp-divider-border-wrap divider-border-left\">\n\t\t\t\t\t\t\t<span class=\"divider-border\"><\/span>\n\t\t\t\t\t\t<\/span>\n\t\t\t\t\t\t<span class=\"pp-divider-content\">\n\t\t\t\t\t\t\t\t\t\t\t\t\t\t\t<span class=\"pp-divider-text\">\n\t\t\t\t\t\t\t\t\tNestville Distillery\t\t\t\t\t\t\t\t<\/span>\n\t\t\t\t\t\t\t\t\t\t\t\t\t\t<\/span>\n\t\t\t\t\t\t<span class=\"pp-divider-border-wrap divider-border-right\">\n\t\t\t\t\t\t\t<span class=\"divider-border\"><\/span>\n\t\t\t\t\t\t<\/span>\n\t\t\t\t\t<\/div>\n\t\t\t\t<\/div>\n\t\t\t\t\t\t<\/div>    \n\t\t\t\t\t\t<\/div>\n\t\t\t\t<div class=\"elementor-element elementor-element-5495058 elementor-widget elementor-widget-heading\" data-id=\"5495058\" data-element_type=\"widget\" data-e-type=\"widget\" data-widget_type=\"heading.default\">\n\t\t\t\t\t<h2 class=\"elementor-heading-title elementor-size-default\">Contact<\/h2>\t\t\t\t<\/div>\n\t\t\t\t<\/div>\n\t\t\t\t\t<\/div>\n\t\t\t\t<\/div>\n\t\t<div class=\"elementor-element elementor-element-7bca09f e-flex e-con-boxed e-con e-parent\" data-id=\"7bca09f\" data-element_type=\"container\" data-e-type=\"container\">\n\t\t\t\t\t<div class=\"e-con-inner\">\n\t\t<div class=\"elementor-element elementor-element-3ca5682 e-con-full e-flex e-con e-child\" data-id=\"3ca5682\" data-element_type=\"container\" data-e-type=\"container\">\n\t\t\t\t<div class=\"elementor-element elementor-element-e1b9f8c elementor-widget elementor-widget-image\" data-id=\"e1b9f8c\" data-element_type=\"widget\" data-e-type=\"widget\" data-widget_type=\"image.default\">\n\t\t\t\t\t\t\t\t\t\t\t\t\t\t\t<img fetchpriority=\"high\" decoding=\"async\" width=\"800\" height=\"456\" src=\"https:\/\/nestville.sk\/wp-content\/uploads\/2023\/09\/Nestville37-1024x584.jpg\" class=\"attachment-large size-large wp-image-31141\" alt=\"\" srcset=\"https:\/\/nestville.sk\/wp-content\/uploads\/2023\/09\/Nestville37-1024x584.jpg 1024w, https:\/\/nestville.sk\/wp-content\/uploads\/2023\/09\/Nestville37-900x513.jpg 900w, https:\/\/nestville.sk\/wp-content\/uploads\/2023\/09\/Nestville37-768x438.jpg 768w, https:\/\/nestville.sk\/wp-content\/uploads\/2023\/09\/Nestville37-1536x876.jpg 1536w, https:\/\/nestville.sk\/wp-content\/uploads\/2023\/09\/Nestville37-600x342.jpg 600w, https:\/\/nestville.sk\/wp-content\/uploads\/2023\/09\/Nestville37-64x36.jpg 64w, https:\/\/nestville.sk\/wp-content\/uploads\/2023\/09\/Nestville37.jpg 1600w\" sizes=\"(max-width: 800px) 100vw, 800px\" \/>\t\t\t\t\t\t\t\t\t\t\t\t\t\t\t<\/div>\n\t\t\t\t<div class=\"elementor-element elementor-element-9eec4db elementor-widget elementor-widget-heading\" data-id=\"9eec4db\" data-element_type=\"widget\" data-e-type=\"widget\" data-widget_type=\"heading.default\">\n\t\t\t\t\t<h2 class=\"elementor-heading-title elementor-size-default\">Distillery <\/h2>\t\t\t\t<\/div>\n\t\t\t\t<div class=\"elementor-element elementor-element-e012fe3 elementor-widget elementor-widget-text-editor\" data-id=\"e012fe3\" data-element_type=\"widget\" data-e-type=\"widget\" data-widget_type=\"text-editor.default\">\n\t\t\t\t\t\t\t\t\t<p>Ing. Juraj Hutn\u00edk<\/p><p><em>Sales director<\/em><\/p><p><a href=\"tel:+421918861741\">+421 918 861 741<\/a><\/p><p><a href=\"mailto:jhutnik@nestville.sk\">jhutnik@nestville.sk<\/a><\/p>\t\t\t\t\t\t\t\t<\/div>\n\t\t\t\t<\/div>\n\t\t<div class=\"elementor-element elementor-element-47b94b8 e-con-full e-flex e-con e-child\" data-id=\"47b94b8\" data-element_type=\"container\" data-e-type=\"container\">\n\t\t\t\t<div class=\"elementor-element elementor-element-16a4bc7 elementor-widget elementor-widget-image\" data-id=\"16a4bc7\" data-element_type=\"widget\" data-e-type=\"widget\" data-widget_type=\"image.default\">\n\t\t\t\t\t\t\t\t\t\t\t\t\t\t\t<img decoding=\"async\" width=\"1920\" height=\"1277\" src=\"https:\/\/nestville.sk\/wp-content\/uploads\/2025\/09\/N-3.jpg\" class=\"attachment-full size-full wp-image-35587\" alt=\"\" srcset=\"https:\/\/nestville.sk\/wp-content\/uploads\/2025\/09\/N-3.jpg 1920w, https:\/\/nestville.sk\/wp-content\/uploads\/2025\/09\/N-3-900x599.jpg 900w, https:\/\/nestville.sk\/wp-content\/uploads\/2025\/09\/N-3-1024x681.jpg 1024w, https:\/\/nestville.sk\/wp-content\/uploads\/2025\/09\/N-3-768x511.jpg 768w, https:\/\/nestville.sk\/wp-content\/uploads\/2025\/09\/N-3-1536x1022.jpg 1536w\" sizes=\"(max-width: 1920px) 100vw, 1920px\" \/>\t\t\t\t\t\t\t\t\t\t\t\t\t\t\t<\/div>\n\t\t\t\t<div class=\"elementor-element elementor-element-fa36468 elementor-widget__width-initial elementor-widget elementor-widget-heading\" data-id=\"fa36468\" data-element_type=\"widget\" data-e-type=\"widget\" data-widget_type=\"heading.default\">\n\t\t\t\t\t<h2 class=\"elementor-heading-title elementor-size-default\">Corporate store<\/h2>\t\t\t\t<\/div>\n\t\t\t\t<div class=\"elementor-element elementor-element-f470012 elementor-widget elementor-widget-text-editor\" data-id=\"f470012\" data-element_type=\"widget\" data-e-type=\"widget\" data-widget_type=\"text-editor.default\">\n\t\t\t\t\t\t\t\t\t<p style=\"font-weight: 400;\">Karin Kov\u00e1\u010dov\u00e1<\/p><p style=\"font-weight: 400;\"><em>Corporate store manager<\/em><\/p><p><a href=\"tel:+421524263632\">+421 52 42 636 32<\/a><\/p><p><a href=\"mailto:exposhop@nestville.sk\">exposhop@nestville.sk<\/a><\/p>\t\t\t\t\t\t\t\t<\/div>\n\t\t\t\t<\/div>\n\t\t<div class=\"elementor-element elementor-element-a0525ea e-con-full e-flex e-con e-child\" data-id=\"a0525ea\" data-element_type=\"container\" data-e-type=\"container\">\n\t\t\t\t<div class=\"elementor-element elementor-element-042b5c8 elementor-widget elementor-widget-image\" data-id=\"042b5c8\" data-element_type=\"widget\" data-e-type=\"widget\" data-widget_type=\"image.default\">\n\t\t\t\t\t\t\t\t\t\t\t\t\t\t\t<img decoding=\"async\" width=\"1920\" height=\"1280\" src=\"https:\/\/nestville.sk\/wp-content\/uploads\/2025\/09\/DSC09767-copy.jpg\" class=\"attachment-full size-full wp-image-35590\" alt=\"\" srcset=\"https:\/\/nestville.sk\/wp-content\/uploads\/2025\/09\/DSC09767-copy.jpg 1920w, https:\/\/nestville.sk\/wp-content\/uploads\/2025\/09\/DSC09767-copy-900x600.jpg 900w, https:\/\/nestville.sk\/wp-content\/uploads\/2025\/09\/DSC09767-copy-1024x683.jpg 1024w, https:\/\/nestville.sk\/wp-content\/uploads\/2025\/09\/DSC09767-copy-768x512.jpg 768w, https:\/\/nestville.sk\/wp-content\/uploads\/2025\/09\/DSC09767-copy-1536x1024.jpg 1536w\" sizes=\"(max-width: 1920px) 100vw, 1920px\" \/>\t\t\t\t\t\t\t\t\t\t\t\t\t\t\t<\/div>\n\t\t\t\t<div class=\"elementor-element elementor-element-5723eff elementor-widget elementor-widget-heading\" data-id=\"5723eff\" data-element_type=\"widget\" data-e-type=\"widget\" data-widget_type=\"heading.default\">\n\t\t\t\t\t<h2 class=\"elementor-heading-title elementor-size-default\">Marketing department<\/h2>\t\t\t\t<\/div>\n\t\t\t\t<div class=\"elementor-element elementor-element-24b5d14 elementor-widget elementor-widget-text-editor\" data-id=\"24b5d14\" data-element_type=\"widget\" data-e-type=\"widget\" data-widget_type=\"text-editor.default\">\n\t\t\t\t\t\t\t\t\t<p style=\"font-weight: 400;\">Krist\u00edna Harendar\u010dik<\/p><p style=\"font-weight: 400;\"><em>Brand manager<\/em><\/p><p><a href=\"tel:+421524263615\">+421 52 42 636 15<\/a><\/p><p><a href=\"mailto:marketing@nestville.sk\">marketing@nestville.sk<\/a><\/p>\t\t\t\t\t\t\t\t<\/div>\n\t\t\t\t<\/div>\n\t\t<div class=\"elementor-element elementor-element-22c08db e-con-full e-flex e-con e-child\" data-id=\"22c08db\" data-element_type=\"container\" data-e-type=\"container\">\n\t\t\t\t<div class=\"elementor-element elementor-element-947594d elementor-widget elementor-widget-image\" data-id=\"947594d\" data-element_type=\"widget\" data-e-type=\"widget\" data-widget_type=\"image.default\">\n\t\t\t\t\t\t\t\t\t\t\t\t\t\t\t<img loading=\"lazy\" decoding=\"async\" width=\"1920\" height=\"1277\" src=\"https:\/\/nestville.sk\/wp-content\/uploads\/2025\/09\/Nestville-00194.jpg\" class=\"attachment-full size-full wp-image-35593\" alt=\"\" srcset=\"https:\/\/nestville.sk\/wp-content\/uploads\/2025\/09\/Nestville-00194.jpg 1920w, https:\/\/nestville.sk\/wp-content\/uploads\/2025\/09\/Nestville-00194-900x599.jpg 900w, https:\/\/nestville.sk\/wp-content\/uploads\/2025\/09\/Nestville-00194-1024x681.jpg 1024w, https:\/\/nestville.sk\/wp-content\/uploads\/2025\/09\/Nestville-00194-768x511.jpg 768w, https:\/\/nestville.sk\/wp-content\/uploads\/2025\/09\/Nestville-00194-1536x1022.jpg 1536w\" sizes=\"(max-width: 1920px) 100vw, 1920px\" \/>\t\t\t\t\t\t\t\t\t\t\t\t\t\t\t<\/div>\n\t\t\t\t<div class=\"elementor-element elementor-element-9129ba4 elementor-widget elementor-widget-heading\" data-id=\"9129ba4\" data-element_type=\"widget\" data-e-type=\"widget\" data-widget_type=\"heading.default\">\n\t\t\t\t\t<h2 class=\"elementor-heading-title elementor-size-default\">sales department<\/h2>\t\t\t\t<\/div>\n\t\t\t\t<div class=\"elementor-element elementor-element-70332ae elementor-widget elementor-widget-text-editor\" data-id=\"70332ae\" data-element_type=\"widget\" data-e-type=\"widget\" data-widget_type=\"text-editor.default\">\n\t\t\t\t\t\t\t\t\t<p style=\"font-weight: 400;\">M\u00e1ria Dul\u00e1kov\u00e1<\/p><p style=\"font-weight: 400;\"><em>Office manager<\/em><\/p><p style=\"font-weight: 400;\"><a href=\"tel:+421915923805\">+421 915 923 805<\/a><\/p><p style=\"font-weight: 400;\"><a href=\"mailto:gurlex@gurlex.sk\">gurlex@gurlex.sk<\/a><\/p>\t\t\t\t\t\t\t\t<\/div>\n\t\t\t\t<\/div>\n\t\t\t\t\t<\/div>\n\t\t\t\t<\/div>\n\t\t<div class=\"elementor-element elementor-element-65c676c e-flex e-con-boxed e-con e-parent\" data-id=\"65c676c\" data-element_type=\"container\" data-e-type=\"container\" id=\"navstivte-nas\">\n\t\t\t\t\t<div class=\"e-con-inner\">\n\t\t\t\t<div class=\"elementor-element elementor-element-67baf1c elementor-widget elementor-widget-heading\" data-id=\"67baf1c\" data-element_type=\"widget\" data-e-type=\"widget\" data-widget_type=\"heading.default\">\n\t\t\t\t\t<h2 class=\"elementor-heading-title elementor-size-default\">Visit us<\/h2>\t\t\t\t<\/div>\n\t\t<div class=\"elementor-element elementor-element-f2cc9b2 e-con-full e-flex e-con e-child\" data-id=\"f2cc9b2\" data-element_type=\"container\" data-e-type=\"container\">\n\t\t<div class=\"elementor-element elementor-element-803f241 e-con-full e-flex e-con e-child\" data-id=\"803f241\" data-element_type=\"container\" data-e-type=\"container\">\n\t\t\t\t<div class=\"elementor-element elementor-element-5588a08 elementor-widget elementor-widget-google_maps\" data-id=\"5588a08\" data-element_type=\"widget\" data-e-type=\"widget\" data-widget_type=\"google_maps.default\">\n\t\t\t\t\t\t\t<div class=\"elementor-custom-embed\">\n\t\t\t<iframe loading=\"lazy\"\n\t\t\t\t\tsrc=\"https:\/\/maps.google.com\/maps?q=BGV%2C%20Hniezdne%20471&#038;t=m&#038;z=13&#038;output=embed&#038;iwloc=near\"\n\t\t\t\t\ttitle=\"BGV, Hniezdne 471\"\n\t\t\t\t\taria-label=\"BGV, Hniezdne 471\"\n\t\t\t><\/iframe>\n\t\t<\/div>\n\t\t\t\t\t\t<\/div>\n\t\t\t\t<\/div>\n\t\t<div class=\"elementor-element elementor-element-72ce685 e-con-full e-flex e-con e-child\" data-id=\"72ce685\" data-element_type=\"container\" data-e-type=\"container\">\n\t\t\t\t<div class=\"elementor-element elementor-element-b95c23a elementor-widget elementor-widget-heading\" data-id=\"b95c23a\" data-element_type=\"widget\" data-e-type=\"widget\" data-widget_type=\"heading.default\">\n\t\t\t\t\t<h3 class=\"elementor-heading-title elementor-size-default\">Adress<\/h3>\t\t\t\t<\/div>\n\t\t\t\t<div class=\"elementor-element elementor-element-596a00e elementor-widget elementor-widget-text-editor\" data-id=\"596a00e\" data-element_type=\"widget\" data-e-type=\"widget\" data-widget_type=\"text-editor.default\">\n\t\t\t\t\t\t\t\t\t<p>BGV, s.r.o.<\/p><p>Hniezdne 471<\/p><p>065 01 Hniezdne<\/p><p>052\/42 636 32<\/p>\t\t\t\t\t\t\t\t<\/div>\n\t\t\t\t<div class=\"elementor-element elementor-element-f11e7b1 elementor-widget elementor-widget-button\" data-id=\"f11e7b1\" data-element_type=\"widget\" data-e-type=\"widget\" data-widget_type=\"button.default\">\n\t\t\t\t\t\t\t\t\t\t<a class=\"elementor-button elementor-button-link elementor-size-sm\" href=\"https:\/\/maps.app.goo.gl\/JQ6GJcEtZevwXhHX7\" id=\"navigovat\">\n\t\t\t\t\t\t<span class=\"elementor-button-content-wrapper\">\n\t\t\t\t\t\t\t\t\t<span class=\"elementor-button-text\">Navigate <\/span>\n\t\t\t\t\t<\/span>\n\t\t\t\t\t<\/a>\n\t\t\t\t\t\t\t\t<\/div>\n\t\t\t\t<\/div>\n\t\t<div class=\"elementor-element elementor-element-42194f3 e-con-full e-flex e-con e-child\" data-id=\"42194f3\" data-element_type=\"container\" data-e-type=\"container\">\n\t\t\t\t<div class=\"elementor-element elementor-element-25dbc35 elementor-widget elementor-widget-heading\" data-id=\"25dbc35\" data-element_type=\"widget\" data-e-type=\"widget\" data-widget_type=\"heading.default\">\n\t\t\t\t\t<h3 class=\"elementor-heading-title elementor-size-default\">Billing information<\/h3>\t\t\t\t<\/div>\n\t\t\t\t<div class=\"elementor-element elementor-element-66d1620 elementor-widget elementor-widget-text-editor\" data-id=\"66d1620\" data-element_type=\"widget\" data-e-type=\"widget\" data-widget_type=\"text-editor.default\">\n\t\t\t\t\t\t\t\t\t<p><strong>BGV, s.r.o.<br>Hniezdne 471<br>065 01 Hniezdne<\/strong><\/p><p><strong>I\u010cO:<\/strong> 36476340<\/p><p><strong>DI\u010c: <\/strong>2020004360<\/p><p><strong>I\u010c DPH: <\/strong>SK2020004360<\/p>\t\t\t\t\t\t\t\t<\/div>\n\t\t\t\t<\/div>\n\t\t\t\t<\/div>\n\t\t\t\t\t<\/div>\n\t\t\t\t<\/div>\n\t\t<div class=\"elementor-element elementor-element-fdee1da e-con-full e-flex e-con e-parent\" data-id=\"fdee1da\" data-element_type=\"container\" data-e-type=\"container\">\n\t\t\t\t<div class=\"elementor-element elementor-element-5c4d392 elementor-widget__width-initial elementor-widget elementor-widget-html\" data-id=\"5c4d392\" data-element_type=\"widget\" data-e-type=\"widget\" data-widget_type=\"html.default\">\n\t\t\t\t\t<iframe src=\"https:\/\/tourmkr.com\/F1EDdnKbs3\/45554490p&amp;143.4h&amp;60.31t\" width=\"100%\" height=\"1200px\" frameborder=\"0\" allowfullscreen=\"\"><\/iframe>\t\t\t\t<\/div>\n\t\t\t\t<\/div>\n\t\t\t\t<\/div>\n\t\t","protected":false},"excerpt":{"rendered":"<p>Nestville Distillery Contact Distillery Ing. Juraj Hutn\u00edk Sales director +421 918 861 741 jhutnik@nestville.sk Corporate store Karin Kov\u00e1\u010dov\u00e1 Corporate store manager +421 52 42 636 32 exposhop@nestville.sk Marketing department Krist\u00edna Harendar\u010dik Brand manager +421 52 42 636 15 marketing@nestville.sk sales department M\u00e1ria Dul\u00e1kov\u00e1 Office manager +421 915 923 805 gurlex@gurlex.sk Visit us Adress BGV, s.r.o. [&hellip;]<\/p>\n","protected":false},"author":1,"featured_media":0,"parent":0,"menu_order":0,"comment_status":"closed","ping_status":"closed","template":"","meta":{"footnotes":""},"class_list":["post-31748","page","type-page","status-publish","hentry"],"yoast_head":"<!-- This site is optimized with the Yoast SEO plugin v27.4 - https:\/\/yoast.com\/product\/yoast-seo-wordpress\/ -->\n<title>Kontakty | Nestville Park | Hniezdne 471, 065 01 Hniezdne<\/title>\n<meta name=\"description\" content=\"Please contact us if you have any questions. To book a Nestville Distillery exhibition, please call +421 917 949 673.\" \/>\n<meta name=\"robots\" content=\"index, follow, max-snippet:-1, max-image-preview:large, max-video-preview:-1\" \/>\n<link rel=\"canonical\" href=\"https:\/\/nestville.sk\/kontakt\/\" \/>\n<meta property=\"og:locale\" content=\"en_US\" \/>\n<meta property=\"og:type\" content=\"article\" \/>\n<meta property=\"og:title\" content=\"Kontakty | Nestville Park | Hniezdne 471, 065 01 Hniezdne\" \/>\n<meta property=\"og:description\" content=\"Please contact us if you have any questions. To book a Nestville Distillery exhibition, please call +421 917 949 673.\" \/>\n<meta property=\"og:url\" content=\"https:\/\/nestville.sk\/kontakt\/\" \/>\n<meta property=\"og:site_name\" content=\"Nestville Distillery\" \/>\n<meta property=\"article:modified_time\" content=\"2025-09-08T08:00:58+00:00\" \/>\n<meta property=\"og:image\" content=\"https:\/\/nestville.sk\/wp-content\/uploads\/2023\/09\/Nestville37.jpg\" \/>\n\t<meta property=\"og:image:width\" content=\"1600\" \/>\n\t<meta property=\"og:image:height\" content=\"912\" \/>\n\t<meta property=\"og:image:type\" content=\"image\/jpeg\" \/>\n<meta name=\"twitter:card\" content=\"summary_large_image\" \/>\n<meta name=\"twitter:label1\" content=\"Est. reading time\" \/>\n\t<meta name=\"twitter:data1\" content=\"1 minute\" \/>\n<script type=\"application\/ld+json\" class=\"yoast-schema-graph\">{\"@context\":\"https:\\\/\\\/schema.org\",\"@graph\":[{\"@type\":\"WebPage\",\"@id\":\"https:\\\/\\\/nestville.sk\\\/kontakt\\\/\",\"url\":\"https:\\\/\\\/nestville.sk\\\/kontakt\\\/\",\"name\":\"Kontakty | Nestville Park | Hniezdne 471, 065 01 Hniezdne\",\"isPartOf\":{\"@id\":\"https:\\\/\\\/nestville.sk\\\/#website\"},\"primaryImageOfPage\":{\"@id\":\"https:\\\/\\\/nestville.sk\\\/kontakt\\\/#primaryimage\"},\"image\":{\"@id\":\"https:\\\/\\\/nestville.sk\\\/kontakt\\\/#primaryimage\"},\"thumbnailUrl\":\"https:\\\/\\\/nestville.sk\\\/wp-content\\\/uploads\\\/2023\\\/09\\\/Nestville37-1024x584.jpg\",\"datePublished\":\"2022-02-16T09:48:15+00:00\",\"dateModified\":\"2025-09-08T08:00:58+00:00\",\"description\":\"Please contact us if you have any questions. To book a Nestville Distillery exhibition, please call +421 917 949 673.\",\"breadcrumb\":{\"@id\":\"https:\\\/\\\/nestville.sk\\\/kontakt\\\/#breadcrumb\"},\"inLanguage\":\"en-US\",\"potentialAction\":[{\"@type\":\"ReadAction\",\"target\":[\"https:\\\/\\\/nestville.sk\\\/kontakt\\\/\"]}]},{\"@type\":\"ImageObject\",\"inLanguage\":\"en-US\",\"@id\":\"https:\\\/\\\/nestville.sk\\\/kontakt\\\/#primaryimage\",\"url\":\"https:\\\/\\\/nestville.sk\\\/wp-content\\\/uploads\\\/2023\\\/09\\\/Nestville37-1024x584.jpg\",\"contentUrl\":\"https:\\\/\\\/nestville.sk\\\/wp-content\\\/uploads\\\/2023\\\/09\\\/Nestville37-1024x584.jpg\"},{\"@type\":\"BreadcrumbList\",\"@id\":\"https:\\\/\\\/nestville.sk\\\/kontakt\\\/#breadcrumb\",\"itemListElement\":[{\"@type\":\"ListItem\",\"position\":1,\"name\":\"Domovsk\u00e1 str\u00e1nka\",\"item\":\"https:\\\/\\\/nestville.sk\\\/\"},{\"@type\":\"ListItem\",\"position\":2,\"name\":\"Contact\"}]},{\"@type\":\"WebSite\",\"@id\":\"https:\\\/\\\/nestville.sk\\\/#website\",\"url\":\"https:\\\/\\\/nestville.sk\\\/\",\"name\":\"Nestville Distillery\",\"description\":\"Hniezdne\",\"publisher\":{\"@id\":\"https:\\\/\\\/nestville.sk\\\/#organization\"},\"potentialAction\":[{\"@type\":\"SearchAction\",\"target\":{\"@type\":\"EntryPoint\",\"urlTemplate\":\"https:\\\/\\\/nestville.sk\\\/?s={search_term_string}\"},\"query-input\":{\"@type\":\"PropertyValueSpecification\",\"valueRequired\":true,\"valueName\":\"search_term_string\"}}],\"inLanguage\":\"en-US\"},{\"@type\":\"Organization\",\"@id\":\"https:\\\/\\\/nestville.sk\\\/#organization\",\"name\":\"Nestville Distillery\",\"url\":\"https:\\\/\\\/nestville.sk\\\/\",\"logo\":{\"@type\":\"ImageObject\",\"inLanguage\":\"en-US\",\"@id\":\"https:\\\/\\\/nestville.sk\\\/#\\\/schema\\\/logo\\\/image\\\/\",\"url\":\"https:\\\/\\\/nestville.sk\\\/wp-content\\\/uploads\\\/2022\\\/02\\\/nestville.png\",\"contentUrl\":\"https:\\\/\\\/nestville.sk\\\/wp-content\\\/uploads\\\/2022\\\/02\\\/nestville.png\",\"width\":1200,\"height\":839,\"caption\":\"Nestville Distillery\"},\"image\":{\"@id\":\"https:\\\/\\\/nestville.sk\\\/#\\\/schema\\\/logo\\\/image\\\/\"}}]}<\/script>\n<!-- \/ Yoast SEO plugin. -->","yoast_head_json":{"title":"Kontakty | Nestville Park | Hniezdne 471, 065 01 Hniezdne","description":"Please contact us if you have any questions. To book a Nestville Distillery exhibition, please call +421 917 949 673.","robots":{"index":"index","follow":"follow","max-snippet":"max-snippet:-1","max-image-preview":"max-image-preview:large","max-video-preview":"max-video-preview:-1"},"canonical":"https:\/\/nestville.sk\/kontakt\/","og_locale":"en_US","og_type":"article","og_title":"Kontakty | Nestville Park | Hniezdne 471, 065 01 Hniezdne","og_description":"Please contact us if you have any questions. To book a Nestville Distillery exhibition, please call +421 917 949 673.","og_url":"https:\/\/nestville.sk\/kontakt\/","og_site_name":"Nestville Distillery","article_modified_time":"2025-09-08T08:00:58+00:00","og_image":[{"width":1600,"height":912,"url":"https:\/\/nestville.sk\/wp-content\/uploads\/2023\/09\/Nestville37.jpg","type":"image\/jpeg"}],"twitter_card":"summary_large_image","twitter_misc":{"Est. reading time":"1 minute"},"schema":{"@context":"https:\/\/schema.org","@graph":[{"@type":"WebPage","@id":"https:\/\/nestville.sk\/kontakt\/","url":"https:\/\/nestville.sk\/kontakt\/","name":"Kontakty | Nestville Park | Hniezdne 471, 065 01 Hniezdne","isPartOf":{"@id":"https:\/\/nestville.sk\/#website"},"primaryImageOfPage":{"@id":"https:\/\/nestville.sk\/kontakt\/#primaryimage"},"image":{"@id":"https:\/\/nestville.sk\/kontakt\/#primaryimage"},"thumbnailUrl":"https:\/\/nestville.sk\/wp-content\/uploads\/2023\/09\/Nestville37-1024x584.jpg","datePublished":"2022-02-16T09:48:15+00:00","dateModified":"2025-09-08T08:00:58+00:00","description":"Please contact us if you have any questions. To book a Nestville Distillery exhibition, please call +421 917 949 673.","breadcrumb":{"@id":"https:\/\/nestville.sk\/kontakt\/#breadcrumb"},"inLanguage":"en-US","potentialAction":[{"@type":"ReadAction","target":["https:\/\/nestville.sk\/kontakt\/"]}]},{"@type":"ImageObject","inLanguage":"en-US","@id":"https:\/\/nestville.sk\/kontakt\/#primaryimage","url":"https:\/\/nestville.sk\/wp-content\/uploads\/2023\/09\/Nestville37-1024x584.jpg","contentUrl":"https:\/\/nestville.sk\/wp-content\/uploads\/2023\/09\/Nestville37-1024x584.jpg"},{"@type":"BreadcrumbList","@id":"https:\/\/nestville.sk\/kontakt\/#breadcrumb","itemListElement":[{"@type":"ListItem","position":1,"name":"Domovsk\u00e1 str\u00e1nka","item":"https:\/\/nestville.sk\/"},{"@type":"ListItem","position":2,"name":"Contact"}]},{"@type":"WebSite","@id":"https:\/\/nestville.sk\/#website","url":"https:\/\/nestville.sk\/","name":"Nestville Distillery","description":"Hniezdne","publisher":{"@id":"https:\/\/nestville.sk\/#organization"},"potentialAction":[{"@type":"SearchAction","target":{"@type":"EntryPoint","urlTemplate":"https:\/\/nestville.sk\/?s={search_term_string}"},"query-input":{"@type":"PropertyValueSpecification","valueRequired":true,"valueName":"search_term_string"}}],"inLanguage":"en-US"},{"@type":"Organization","@id":"https:\/\/nestville.sk\/#organization","name":"Nestville Distillery","url":"https:\/\/nestville.sk\/","logo":{"@type":"ImageObject","inLanguage":"en-US","@id":"https:\/\/nestville.sk\/#\/schema\/logo\/image\/","url":"https:\/\/nestville.sk\/wp-content\/uploads\/2022\/02\/nestville.png","contentUrl":"https:\/\/nestville.sk\/wp-content\/uploads\/2022\/02\/nestville.png","width":1200,"height":839,"caption":"Nestville Distillery"},"image":{"@id":"https:\/\/nestville.sk\/#\/schema\/logo\/image\/"}}]}},"_links":{"self":[{"href":"https:\/\/nestville.sk\/en\/wp-json\/wp\/v2\/pages\/31748","targetHints":{"allow":["GET"]}}],"collection":[{"href":"https:\/\/nestville.sk\/en\/wp-json\/wp\/v2\/pages"}],"about":[{"href":"https:\/\/nestville.sk\/en\/wp-json\/wp\/v2\/types\/page"}],"author":[{"embeddable":true,"href":"https:\/\/nestville.sk\/en\/wp-json\/wp\/v2\/users\/1"}],"replies":[{"embeddable":true,"href":"https:\/\/nestville.sk\/en\/wp-json\/wp\/v2\/comments?post=31748"}],"version-history":[{"count":29,"href":"https:\/\/nestville.sk\/en\/wp-json\/wp\/v2\/pages\/31748\/revisions"}],"predecessor-version":[{"id":35600,"href":"https:\/\/nestville.sk\/en\/wp-json\/wp\/v2\/pages\/31748\/revisions\/35600"}],"wp:attachment":[{"href":"https:\/\/nestville.sk\/en\/wp-json\/wp\/v2\/media?parent=31748"}],"curies":[{"name":"wp","href":"https:\/\/api.w.org\/{rel}","templated":true}]}}