{"id":31729,"date":"2023-10-27T12:46:21","date_gmt":"2023-10-27T10:46:21","guid":{"rendered":"https:\/\/nestville.sk\/produkty\/"},"modified":"2025-09-03T12:09:23","modified_gmt":"2025-09-03T10:09:23","slug":"produkty","status":"publish","type":"page","link":"https:\/\/nestville.sk\/en\/product-manufacturing\/produkty\/","title":{"rendered":"Products"},"content":{"rendered":"\t\t<div data-elementor-type=\"wp-page\" data-elementor-id=\"31729\" class=\"elementor elementor-31729 elementor-31348\" data-elementor-post-type=\"page\">\n\t\t\t\t\t\t<section class=\"elementor-section elementor-top-section elementor-element elementor-element-62d359a2 elementor-section-boxed elementor-section-height-default elementor-section-height-default\" data-id=\"62d359a2\" data-element_type=\"section\" data-e-type=\"section\">\n\t\t\t\t\t\t<div class=\"elementor-container elementor-column-gap-default\">\n\t\t\t\t\t<div class=\"elementor-column elementor-col-100 elementor-top-column elementor-element elementor-element-5e76fd3f\" data-id=\"5e76fd3f\" data-element_type=\"column\" data-e-type=\"column\">\n\t\t\t<div class=\"elementor-widget-wrap elementor-element-populated\">\n\t\t\t\t\t\t<div class=\"elementor-element elementor-element-5cc14e52 pp-divider-center elementor-widget elementor-widget-pp-divider\" data-id=\"5cc14e52\" data-element_type=\"widget\" data-e-type=\"widget\" data-widget_type=\"pp-divider.default\">\n\t\t\t\t\t\t\t<div class=\"pp-divider-wrap\">\n\t\t\t\t\t\t\t<div class=\"divider-text-container\">\n\t\t\t\t\t<div class=\"divider-text-wrap\">\n\t\t\t\t\t\t<span class=\"pp-divider-border-wrap divider-border-left\">\n\t\t\t\t\t\t\t<span class=\"divider-border\"><\/span>\n\t\t\t\t\t\t<\/span>\n\t\t\t\t\t\t<span class=\"pp-divider-content\">\n\t\t\t\t\t\t\t\t\t\t\t\t\t\t\t<span class=\"pp-divider-text\">\n\t\t\t\t\t\t\t\t\tNestville Distillery\t\t\t\t\t\t\t\t<\/span>\n\t\t\t\t\t\t\t\t\t\t\t\t\t\t<\/span>\n\t\t\t\t\t\t<span class=\"pp-divider-border-wrap divider-border-right\">\n\t\t\t\t\t\t\t<span class=\"divider-border\"><\/span>\n\t\t\t\t\t\t<\/span>\n\t\t\t\t\t<\/div>\n\t\t\t\t<\/div>\n\t\t\t\t\t\t<\/div>    \n\t\t\t\t\t\t<\/div>\n\t\t\t\t<div class=\"elementor-element elementor-element-2f279a8b elementor-widget elementor-widget-heading\" data-id=\"2f279a8b\" data-element_type=\"widget\" data-e-type=\"widget\" data-widget_type=\"heading.default\">\n\t\t\t\t\t<h2 class=\"elementor-heading-title elementor-size-default\">Products <\/h2>\t\t\t\t<\/div>\n\t\t\t\t\t<\/div>\n\t\t<\/div>\n\t\t\t\t\t<\/div>\n\t\t<\/section>\n\t\t<div class=\"elementor-element elementor-element-7f2ab4d e-flex e-con-boxed e-con e-parent\" data-id=\"7f2ab4d\" data-element_type=\"container\" data-e-type=\"container\">\n\t\t\t\t\t<div class=\"e-con-inner\">\n\t\t<div class=\"elementor-element elementor-element-cbd5263 e-grid e-con-full e-con e-child\" data-id=\"cbd5263\" data-element_type=\"container\" data-e-type=\"container\">\n\t\t<a class=\"elementor-element elementor-element-7c9ff81 e-con-full e-flex e-con e-child\" data-id=\"7c9ff81\" data-element_type=\"container\" data-e-type=\"container\" data-settings=\"{&quot;background_background&quot;:&quot;classic&quot;}\" href=\"https:\/\/nestvillepark.sk\/en\/kategoria-produktu\/nestville-whisky-en\/\" target=\"_blank\">\n\t\t\t\t<div class=\"elementor-element elementor-element-0d4f0c2 elementor-widget elementor-widget-heading\" data-id=\"0d4f0c2\" data-element_type=\"widget\" data-e-type=\"widget\" data-widget_type=\"heading.default\">\n\t\t\t\t\t<h3 class=\"elementor-heading-title elementor-size-default\">Nestville Whisky<\/h3>\t\t\t\t<\/div>\n\t\t\t\t<div class=\"elementor-element elementor-element-b8a7396 elementor-widget elementor-widget-heading\" data-id=\"b8a7396\" data-element_type=\"widget\" data-e-type=\"widget\" data-widget_type=\"heading.default\">\n\t\t\t\t\t<h5 class=\"elementor-heading-title elementor-size-default\">View in E-shop<\/h5>\t\t\t\t<\/div>\n\t\t\t\t<\/a>\n\t\t<a class=\"elementor-element elementor-element-2be7f8d e-con-full e-flex e-con e-child\" data-id=\"2be7f8d\" data-element_type=\"container\" data-e-type=\"container\" data-settings=\"{&quot;background_background&quot;:&quot;classic&quot;}\" href=\"https:\/\/nestvillepark.sk\/en\/kategoria-produktu\/tatra-balsam-en\/\" target=\"_blank\">\n\t\t\t\t<div class=\"elementor-element elementor-element-12f67fc elementor-widget elementor-widget-heading\" data-id=\"12f67fc\" data-element_type=\"widget\" data-e-type=\"widget\" data-widget_type=\"heading.default\">\n\t\t\t\t\t<h3 class=\"elementor-heading-title elementor-size-default\">Tatra Balsam<\/h3>\t\t\t\t<\/div>\n\t\t\t\t<div class=\"elementor-element elementor-element-7c81d8a elementor-widget elementor-widget-heading\" data-id=\"7c81d8a\" data-element_type=\"widget\" data-e-type=\"widget\" data-widget_type=\"heading.default\">\n\t\t\t\t\t<h5 class=\"elementor-heading-title elementor-size-default\">View in E-shop<\/h5>\t\t\t\t<\/div>\n\t\t\t\t<\/a>\n\t\t<a class=\"elementor-element elementor-element-1799341 e-con-full e-flex e-con e-child\" data-id=\"1799341\" data-element_type=\"container\" data-e-type=\"container\" data-settings=\"{&quot;background_background&quot;:&quot;classic&quot;}\" href=\"https:\/\/nestvillepark.sk\/en\/kategoria-produktu\/alternative-vodka-en\/\" target=\"_blank\">\n\t\t\t\t<div class=\"elementor-element elementor-element-ad5f65d elementor-widget elementor-widget-heading\" data-id=\"ad5f65d\" data-element_type=\"widget\" data-e-type=\"widget\" data-widget_type=\"heading.default\">\n\t\t\t\t\t<h3 class=\"elementor-heading-title elementor-size-default\">Alternative Vodka<\/h3>\t\t\t\t<\/div>\n\t\t\t\t<div class=\"elementor-element elementor-element-7185d6d elementor-widget elementor-widget-heading\" data-id=\"7185d6d\" data-element_type=\"widget\" data-e-type=\"widget\" data-widget_type=\"heading.default\">\n\t\t\t\t\t<h5 class=\"elementor-heading-title elementor-size-default\">View in E-shop<\/h5>\t\t\t\t<\/div>\n\t\t\t\t<\/a>\n\t\t<a class=\"elementor-element elementor-element-b5fb219 e-con-full e-flex e-con e-child\" data-id=\"b5fb219\" data-element_type=\"container\" data-e-type=\"container\" data-settings=\"{&quot;background_background&quot;:&quot;classic&quot;}\" href=\"https:\/\/nestvillepark.sk\/en\/kategoria-produktu\/starospisska-domaca-en\/\" target=\"_blank\">\n\t\t\t\t<div class=\"elementor-element elementor-element-022a6d7 elementor-widget elementor-widget-heading\" data-id=\"022a6d7\" data-element_type=\"widget\" data-e-type=\"widget\" data-widget_type=\"heading.default\">\n\t\t\t\t\t<h3 class=\"elementor-heading-title elementor-size-default\">Starospi\u0161sk\u00e1 <br>Dom\u00e1ca<\/h3>\t\t\t\t<\/div>\n\t\t\t\t<div class=\"elementor-element elementor-element-f5ec439 elementor-widget elementor-widget-heading\" data-id=\"f5ec439\" data-element_type=\"widget\" data-e-type=\"widget\" data-widget_type=\"heading.default\">\n\t\t\t\t\t<h5 class=\"elementor-heading-title elementor-size-default\">View in E-shop<\/h5>\t\t\t\t<\/div>\n\t\t\t\t<\/a>\n\t\t<a class=\"elementor-element elementor-element-9caad55 e-con-full e-flex e-con e-child\" data-id=\"9caad55\" data-element_type=\"container\" data-e-type=\"container\" data-settings=\"{&quot;background_background&quot;:&quot;classic&quot;}\" href=\"https:\/\/nestvillepark.sk\/en\/kategoria-produktu\/nestville-brands-en\/\" target=\"_blank\">\n\t\t\t\t<div class=\"elementor-element elementor-element-fd8d174 elementor-widget elementor-widget-heading\" data-id=\"fd8d174\" data-element_type=\"widget\" data-e-type=\"widget\" data-widget_type=\"heading.default\">\n\t\t\t\t\t<h3 class=\"elementor-heading-title elementor-size-default\">Nestville Brands<\/h3>\t\t\t\t<\/div>\n\t\t\t\t<div class=\"elementor-element elementor-element-f54501d elementor-widget elementor-widget-heading\" data-id=\"f54501d\" data-element_type=\"widget\" data-e-type=\"widget\" data-widget_type=\"heading.default\">\n\t\t\t\t\t<h5 class=\"elementor-heading-title elementor-size-default\">View in E-shop<\/h5>\t\t\t\t<\/div>\n\t\t\t\t<\/a>\n\t\t<a class=\"elementor-element elementor-element-9f24ef0 e-con-full e-flex e-con e-child\" data-id=\"9f24ef0\" data-element_type=\"container\" data-e-type=\"container\" data-settings=\"{&quot;background_background&quot;:&quot;classic&quot;}\" href=\"https:\/\/nestvillepark.sk\/en\/kategoria-produktu\/two-storks-en\/\" target=\"_blank\">\n\t\t\t\t<div class=\"elementor-element elementor-element-cd8130c elementor-widget elementor-widget-heading\" data-id=\"cd8130c\" data-element_type=\"widget\" data-e-type=\"widget\" data-widget_type=\"heading.default\">\n\t\t\t\t\t<h3 class=\"elementor-heading-title elementor-size-default\">Two Storks<\/h3>\t\t\t\t<\/div>\n\t\t\t\t<div class=\"elementor-element elementor-element-b3193c7 elementor-widget elementor-widget-heading\" data-id=\"b3193c7\" data-element_type=\"widget\" data-e-type=\"widget\" data-widget_type=\"heading.default\">\n\t\t\t\t\t<h5 class=\"elementor-heading-title elementor-size-default\">View in E-shop<\/h5>\t\t\t\t<\/div>\n\t\t\t\t<\/a>\n\t\t<a class=\"elementor-element elementor-element-ee44bb3 e-con-full e-flex e-con e-child\" data-id=\"ee44bb3\" data-element_type=\"container\" data-e-type=\"container\" data-settings=\"{&quot;background_background&quot;:&quot;classic&quot;}\" href=\"https:\/\/nestvillepark.sk\/en\/kategoria-produktu\/spisska-en\/\" target=\"_blank\">\n\t\t\t\t<div class=\"elementor-element elementor-element-fed9e92 elementor-widget elementor-widget-heading\" data-id=\"fed9e92\" data-element_type=\"widget\" data-e-type=\"widget\" data-widget_type=\"heading.default\">\n\t\t\t\t\t<h3 class=\"elementor-heading-title elementor-size-default\">Spi\u0161sk\u00e1<\/h3>\t\t\t\t<\/div>\n\t\t\t\t<div class=\"elementor-element elementor-element-065931a elementor-widget elementor-widget-heading\" data-id=\"065931a\" data-element_type=\"widget\" data-e-type=\"widget\" data-widget_type=\"heading.default\">\n\t\t\t\t\t<h5 class=\"elementor-heading-title elementor-size-default\">View in E-shop<\/h5>\t\t\t\t<\/div>\n\t\t\t\t<\/a>\n\t\t<a class=\"elementor-element elementor-element-c0f40db e-con-full e-flex e-con e-child\" data-id=\"c0f40db\" data-element_type=\"container\" data-e-type=\"container\" data-settings=\"{&quot;background_background&quot;:&quot;classic&quot;}\" href=\"https:\/\/nestvillepark.sk\/en\/kategoria-produktu\/old-times-en\/\" target=\"_blank\">\n\t\t\t\t<div class=\"elementor-element elementor-element-27622ad elementor-widget elementor-widget-heading\" data-id=\"27622ad\" data-element_type=\"widget\" data-e-type=\"widget\" data-widget_type=\"heading.default\">\n\t\t\t\t\t<h3 class=\"elementor-heading-title elementor-size-default\">Old Times<\/h3>\t\t\t\t<\/div>\n\t\t\t\t<div class=\"elementor-element elementor-element-2719ce6 elementor-widget elementor-widget-heading\" data-id=\"2719ce6\" data-element_type=\"widget\" data-e-type=\"widget\" data-widget_type=\"heading.default\">\n\t\t\t\t\t<h5 class=\"elementor-heading-title elementor-size-default\">View in E-shop<\/h5>\t\t\t\t<\/div>\n\t\t\t\t<\/a>\n\t\t<a class=\"elementor-element elementor-element-91d90ba e-con-full e-flex e-con e-child\" data-id=\"91d90ba\" data-element_type=\"container\" data-e-type=\"container\" data-settings=\"{&quot;background_background&quot;:&quot;classic&quot;}\" href=\"https:\/\/nestvillepark.sk\/en\/kategoria-produktu\/nestville-beer-en\/\" target=\"_blank\">\n\t\t\t\t<div class=\"elementor-element elementor-element-3369eb5 elementor-widget elementor-widget-heading\" data-id=\"3369eb5\" data-element_type=\"widget\" data-e-type=\"widget\" data-widget_type=\"heading.default\">\n\t\t\t\t\t<h3 class=\"elementor-heading-title elementor-size-default\">Nestville Beer<\/h3>\t\t\t\t<\/div>\n\t\t\t\t<div class=\"elementor-element elementor-element-ef7e0ea elementor-widget elementor-widget-heading\" data-id=\"ef7e0ea\" data-element_type=\"widget\" data-e-type=\"widget\" data-widget_type=\"heading.default\">\n\t\t\t\t\t<h5 class=\"elementor-heading-title elementor-size-default\">View in E-shop<\/h5>\t\t\t\t<\/div>\n\t\t\t\t<\/a>\n\t\t\t\t<\/div>\n\t\t\t\t\t<\/div>\n\t\t\t\t<\/div>\n\t\t\t\t<\/div>\n\t\t","protected":false},"excerpt":{"rendered":"<p>Nestville Distillery Products Nestville Whisky View in E-shop Tatra Balsam View in E-shop Alternative Vodka View in E-shop Starospi\u0161sk\u00e1 Dom\u00e1ca View in E-shop Nestville Brands View in E-shop Two Storks View in E-shop Spi\u0161sk\u00e1 View in E-shop Old Times View in E-shop Nestville Beer View in E-shop<\/p>\n","protected":false},"author":1,"featured_media":0,"parent":31731,"menu_order":0,"comment_status":"closed","ping_status":"closed","template":"","meta":{"footnotes":""},"class_list":["post-31729","page","type-page","status-publish","hentry"],"yoast_head":"<!-- This site is optimized with the Yoast SEO plugin v27.4 - https:\/\/yoast.com\/product\/yoast-seo-wordpress\/ -->\n<title>Products - Nestville Distillery<\/title>\n<meta name=\"robots\" content=\"index, follow, max-snippet:-1, max-image-preview:large, max-video-preview:-1\" \/>\n<link rel=\"canonical\" href=\"https:\/\/nestville.sk\/en\/product-manufacturing\/produkty\/\" \/>\n<meta property=\"og:locale\" content=\"en_US\" \/>\n<meta property=\"og:type\" content=\"article\" \/>\n<meta property=\"og:title\" content=\"Products - Nestville Distillery\" \/>\n<meta property=\"og:description\" content=\"Nestville Distillery Products Nestville Whisky View in E-shop Tatra Balsam View in E-shop Alternative Vodka View in E-shop Starospi\u0161sk\u00e1 Dom\u00e1ca View in E-shop Nestville Brands View in E-shop Two Storks View in E-shop Spi\u0161sk\u00e1 View in E-shop Old Times View in E-shop Nestville Beer View in E-shop\" \/>\n<meta property=\"og:url\" content=\"https:\/\/nestville.sk\/en\/product-manufacturing\/produkty\/\" \/>\n<meta property=\"og:site_name\" content=\"Nestville Distillery\" \/>\n<meta property=\"article:modified_time\" content=\"2025-09-03T10:09:23+00:00\" \/>\n<meta name=\"twitter:card\" content=\"summary_large_image\" \/>\n<meta name=\"twitter:label1\" content=\"Est. reading time\" \/>\n\t<meta name=\"twitter:data1\" content=\"1 minute\" \/>\n<script type=\"application\/ld+json\" class=\"yoast-schema-graph\">{\"@context\":\"https:\\\/\\\/schema.org\",\"@graph\":[{\"@type\":\"WebPage\",\"@id\":\"https:\\\/\\\/nestville.sk\\\/en\\\/product-manufacturing\\\/produkty\\\/\",\"url\":\"https:\\\/\\\/nestville.sk\\\/en\\\/product-manufacturing\\\/produkty\\\/\",\"name\":\"Products - Nestville Distillery\",\"isPartOf\":{\"@id\":\"https:\\\/\\\/nestville.sk\\\/#website\"},\"datePublished\":\"2023-10-27T10:46:21+00:00\",\"dateModified\":\"2025-09-03T10:09:23+00:00\",\"breadcrumb\":{\"@id\":\"https:\\\/\\\/nestville.sk\\\/en\\\/product-manufacturing\\\/produkty\\\/#breadcrumb\"},\"inLanguage\":\"en-US\",\"potentialAction\":[{\"@type\":\"ReadAction\",\"target\":[\"https:\\\/\\\/nestville.sk\\\/en\\\/product-manufacturing\\\/produkty\\\/\"]}]},{\"@type\":\"BreadcrumbList\",\"@id\":\"https:\\\/\\\/nestville.sk\\\/en\\\/product-manufacturing\\\/produkty\\\/#breadcrumb\",\"itemListElement\":[{\"@type\":\"ListItem\",\"position\":1,\"name\":\"Domovsk\u00e1 str\u00e1nka\",\"item\":\"https:\\\/\\\/nestville.sk\\\/\"},{\"@type\":\"ListItem\",\"position\":2,\"name\":\"Product manufacturing\",\"item\":\"https:\\\/\\\/nestville.sk\\\/en\\\/product-manufacturing\\\/\"},{\"@type\":\"ListItem\",\"position\":3,\"name\":\"Products\"}]},{\"@type\":\"WebSite\",\"@id\":\"https:\\\/\\\/nestville.sk\\\/#website\",\"url\":\"https:\\\/\\\/nestville.sk\\\/\",\"name\":\"Nestville Distillery\",\"description\":\"Hniezdne\",\"publisher\":{\"@id\":\"https:\\\/\\\/nestville.sk\\\/#organization\"},\"potentialAction\":[{\"@type\":\"SearchAction\",\"target\":{\"@type\":\"EntryPoint\",\"urlTemplate\":\"https:\\\/\\\/nestville.sk\\\/?s={search_term_string}\"},\"query-input\":{\"@type\":\"PropertyValueSpecification\",\"valueRequired\":true,\"valueName\":\"search_term_string\"}}],\"inLanguage\":\"en-US\"},{\"@type\":\"Organization\",\"@id\":\"https:\\\/\\\/nestville.sk\\\/#organization\",\"name\":\"Nestville Distillery\",\"url\":\"https:\\\/\\\/nestville.sk\\\/\",\"logo\":{\"@type\":\"ImageObject\",\"inLanguage\":\"en-US\",\"@id\":\"https:\\\/\\\/nestville.sk\\\/#\\\/schema\\\/logo\\\/image\\\/\",\"url\":\"https:\\\/\\\/nestville.sk\\\/wp-content\\\/uploads\\\/2022\\\/02\\\/nestville.png\",\"contentUrl\":\"https:\\\/\\\/nestville.sk\\\/wp-content\\\/uploads\\\/2022\\\/02\\\/nestville.png\",\"width\":1200,\"height\":839,\"caption\":\"Nestville Distillery\"},\"image\":{\"@id\":\"https:\\\/\\\/nestville.sk\\\/#\\\/schema\\\/logo\\\/image\\\/\"}}]}<\/script>\n<!-- \/ Yoast SEO plugin. -->","yoast_head_json":{"title":"Products - Nestville Distillery","robots":{"index":"index","follow":"follow","max-snippet":"max-snippet:-1","max-image-preview":"max-image-preview:large","max-video-preview":"max-video-preview:-1"},"canonical":"https:\/\/nestville.sk\/en\/product-manufacturing\/produkty\/","og_locale":"en_US","og_type":"article","og_title":"Products - Nestville Distillery","og_description":"Nestville Distillery Products Nestville Whisky View in E-shop Tatra Balsam View in E-shop Alternative Vodka View in E-shop Starospi\u0161sk\u00e1 Dom\u00e1ca View in E-shop Nestville Brands View in E-shop Two Storks View in E-shop Spi\u0161sk\u00e1 View in E-shop Old Times View in E-shop Nestville Beer View in E-shop","og_url":"https:\/\/nestville.sk\/en\/product-manufacturing\/produkty\/","og_site_name":"Nestville Distillery","article_modified_time":"2025-09-03T10:09:23+00:00","twitter_card":"summary_large_image","twitter_misc":{"Est. reading time":"1 minute"},"schema":{"@context":"https:\/\/schema.org","@graph":[{"@type":"WebPage","@id":"https:\/\/nestville.sk\/en\/product-manufacturing\/produkty\/","url":"https:\/\/nestville.sk\/en\/product-manufacturing\/produkty\/","name":"Products - Nestville Distillery","isPartOf":{"@id":"https:\/\/nestville.sk\/#website"},"datePublished":"2023-10-27T10:46:21+00:00","dateModified":"2025-09-03T10:09:23+00:00","breadcrumb":{"@id":"https:\/\/nestville.sk\/en\/product-manufacturing\/produkty\/#breadcrumb"},"inLanguage":"en-US","potentialAction":[{"@type":"ReadAction","target":["https:\/\/nestville.sk\/en\/product-manufacturing\/produkty\/"]}]},{"@type":"BreadcrumbList","@id":"https:\/\/nestville.sk\/en\/product-manufacturing\/produkty\/#breadcrumb","itemListElement":[{"@type":"ListItem","position":1,"name":"Domovsk\u00e1 str\u00e1nka","item":"https:\/\/nestville.sk\/"},{"@type":"ListItem","position":2,"name":"Product manufacturing","item":"https:\/\/nestville.sk\/en\/product-manufacturing\/"},{"@type":"ListItem","position":3,"name":"Products"}]},{"@type":"WebSite","@id":"https:\/\/nestville.sk\/#website","url":"https:\/\/nestville.sk\/","name":"Nestville Distillery","description":"Hniezdne","publisher":{"@id":"https:\/\/nestville.sk\/#organization"},"potentialAction":[{"@type":"SearchAction","target":{"@type":"EntryPoint","urlTemplate":"https:\/\/nestville.sk\/?s={search_term_string}"},"query-input":{"@type":"PropertyValueSpecification","valueRequired":true,"valueName":"search_term_string"}}],"inLanguage":"en-US"},{"@type":"Organization","@id":"https:\/\/nestville.sk\/#organization","name":"Nestville Distillery","url":"https:\/\/nestville.sk\/","logo":{"@type":"ImageObject","inLanguage":"en-US","@id":"https:\/\/nestville.sk\/#\/schema\/logo\/image\/","url":"https:\/\/nestville.sk\/wp-content\/uploads\/2022\/02\/nestville.png","contentUrl":"https:\/\/nestville.sk\/wp-content\/uploads\/2022\/02\/nestville.png","width":1200,"height":839,"caption":"Nestville Distillery"},"image":{"@id":"https:\/\/nestville.sk\/#\/schema\/logo\/image\/"}}]}},"_links":{"self":[{"href":"https:\/\/nestville.sk\/en\/wp-json\/wp\/v2\/pages\/31729","targetHints":{"allow":["GET"]}}],"collection":[{"href":"https:\/\/nestville.sk\/en\/wp-json\/wp\/v2\/pages"}],"about":[{"href":"https:\/\/nestville.sk\/en\/wp-json\/wp\/v2\/types\/page"}],"author":[{"embeddable":true,"href":"https:\/\/nestville.sk\/en\/wp-json\/wp\/v2\/users\/1"}],"replies":[{"embeddable":true,"href":"https:\/\/nestville.sk\/en\/wp-json\/wp\/v2\/comments?post=31729"}],"version-history":[{"count":42,"href":"https:\/\/nestville.sk\/en\/wp-json\/wp\/v2\/pages\/31729\/revisions"}],"predecessor-version":[{"id":35543,"href":"https:\/\/nestville.sk\/en\/wp-json\/wp\/v2\/pages\/31729\/revisions\/35543"}],"up":[{"embeddable":true,"href":"https:\/\/nestville.sk\/en\/wp-json\/wp\/v2\/pages\/31731"}],"wp:attachment":[{"href":"https:\/\/nestville.sk\/en\/wp-json\/wp\/v2\/media?parent=31729"}],"curies":[{"name":"wp","href":"https:\/\/api.w.org\/{rel}","templated":true}]}}